{"id":102,"date":"2017-03-03T17:05:08","date_gmt":"2017-03-03T16:05:08","guid":{"rendered":"https:\/\/aikiweb.micnet.ch\/?page_id=102"},"modified":"2026-01-14T08:39:23","modified_gmt":"2026-01-14T07:39:23","slug":"herbert-looser","status":"publish","type":"page","link":"https:\/\/aikikai-test.ch\/?page_id=102","title":{"rendered":"Herbert Looser"},"content":{"rendered":"<div class=\"WordSection1\">\n<table class=\"MsoTableGrid\" style=\"border-collapse: collapse; border: none; mso-yfti-tbllook: 1184; mso-padding-alt: 0cm 5.4pt 0cm 5.4pt; mso-border-insideh: none; mso-border-insidev: none;\" border=\"0\" cellspacing=\"0\" cellpadding=\"0\">\n<tbody>\n<tr style=\"mso-yfti-irow: 0; mso-yfti-firstrow: yes;\">\n<td style=\"width: 150.9pt; padding: 0cm 5.4pt 0cm 5.4pt;\" rowspan=\"4\" width=\"151\">\n<p class=\"MsoNormal\"><span lang=\"EN-US\">\u00a0<img decoding=\"async\" class=\"alignnone wp-image-3703 size-full\" src=\"\/wp-content\/uploads\/2017\/07\/Herbert.jpg\" alt=\"\" width=\"140\" height=\"183\" \/><\/span><\/p>\n<\/td>\n<td style=\"width: 150.95pt; padding: 0cm 5.4pt 0cm 5.4pt;\" width=\"151\">\n<p class=\"MsoNormal\"><span class=\"SpellE\"><span lang=\"EN-US\">Vorname<\/span><\/span><span lang=\"EN-US\">:<\/span><\/p>\n<\/td>\n<td style=\"width: 150.95pt; padding: 0cm 5.4pt 0cm 5.4pt;\" width=\"151\">\n<p class=\"MsoNormal\"><span lang=\"EN-US\">Herbert<\/span><\/p>\n<\/td>\n<\/tr>\n<tr style=\"mso-yfti-irow: 1; height: 15.85pt;\">\n<td style=\"width: 150.95pt; padding: 0cm 5.4pt 0cm 5.4pt; height: 15.85pt;\" width=\"151\">\n<p class=\"MsoNormal\"><span class=\"SpellE\"><span lang=\"EN-US\">Nachname<\/span><\/span><\/p>\n<\/td>\n<td style=\"width: 150.95pt; padding: 0cm 5.4pt 0cm 5.4pt; height: 15.85pt;\" width=\"151\">\n<p class=\"MsoNormal\"><span class=\"SpellE\"><span lang=\"EN-US\">Looser<\/span><\/span><\/p>\n<\/td>\n<\/tr>\n<tr style=\"mso-yfti-irow: 2; height: 16.05pt;\">\n<td style=\"width: 150.95pt; padding: 0cm 5.4pt 0cm 5.4pt; height: 16.05pt;\" width=\"151\">\n<p class=\"MsoNormal\"><span class=\"SpellE\"><span lang=\"EN-US\">Praktiziert<\/span><\/span><span lang=\"EN-US\"> <span class=\"SpellE\">seit<\/span>:<\/span><\/p>\n<\/td>\n<td style=\"width: 150.95pt; padding: 0cm 5.4pt 0cm 5.4pt; height: 16.05pt;\" width=\"151\">\n<p class=\"MsoNormal\"><span lang=\"EN-US\">1975<\/span><\/p>\n<\/td>\n<\/tr>\n<tr style=\"mso-yfti-irow: 3; mso-yfti-lastrow: yes; height: 13.25pt;\">\n<td style=\"width: 150.95pt; padding: 0cm 5.4pt 0cm 5.4pt; height: 13.25pt;\" width=\"151\">\n<p class=\"MsoNormal\"><span class=\"SpellE\"><span lang=\"EN-US\">Gradierung<\/span><\/span><span lang=\"EN-US\">:<\/span><\/p>\n<\/td>\n<td style=\"width: 150.95pt; padding: 0cm 5.4pt 0cm 5.4pt; height: 13.25pt;\" width=\"151\">\n<p class=\"MsoNormal\"><span lang=\"EN-US\">7.Dan<\/span><\/p>\n<\/td>\n<\/tr>\n<\/tbody>\n<\/table>\n<div id=\"c63\" class=\"csc-default\">\n<div class=\"csc-textpic csc-textpic-intext-left-nowrap\">\n<div class=\"csc-textpic-text\">\n<p class=\"bodytext\">Mitglied der technischen Kommission des AIKI-KAI Z\u00dcRICH<\/p>\n<\/div>\n<\/div>\n<\/div>\n<div id=\"c152\" class=\"csc-default\">\n<p class=\"bodytext\">(Beruf: Physikprofessor an der Fachhochschule Aargau, Klubmitglied: seit 1985, Aikidolehrer seit 1986)<br \/>\nHerbert (1951) begab sich mit 16 Jahren auf seinen Budo-Weg, begeistert durch einen Magazin-Artikel \u00fcber Judo und die Ideen, welche den japanischen Kampfk\u00fcnsten zugrundeliegen. Nach 10 Jahren Judo und Gradierung zum 1.Dan kam er auch in Kontakt mit Karate-Do, Aikido und Iai-Do, wof\u00fcr er sich nach erster Skepsis immer mehr begeisterte. Parallel zum Wachsen der Begeisterung f\u00fcr diese Kampfk\u00fcnste ohne Wettkampf wuchs die Entt\u00e4uschung \u00fcber die &#8222;Versportlichung&#8220; des Judo, weshalb er schlussendlich seine Judolaufbahn beendete. Die Beschr\u00e4nkung auf die eine Kunst Aikido, erfolgte sp\u00e4ter nach Gradierung zum Schwarzgurt in Aikido und Karate Do aus Zeitgr\u00fcnden und aus der Erfahrung, dass im Aikido wesentliche Elemente all dieser K\u00fcnste zusammenkommen.<br \/>\nVon seinem jetzigen Lehrer, Frank Doran Sensei, lernte er, dass intensives und ernsthaftes \u00fcben auch mit Gel\u00f6stheit und sogar mit Humor gepaart sein kann. Dies versucht er nun auch in seinen Lektionen zu verwirklichen.<\/p>\n<\/div>\n<\/div>\n","protected":false},"excerpt":{"rendered":"<p>\u00a0 Vorname: Herbert Nachname Looser Praktiziert seit: 1975 Gradierung: 7.Dan Mitglied der technischen Kommission des AIKI-KAI Z\u00dcRICH (Beruf: Physikprofessor an der Fachhochschule Aargau, Klubmitglied: seit 1985, Aikidolehrer seit 1986) Herbert (1951) begab sich mit 16 Jahren auf seinen Budo-Weg, begeistert durch einen Magazin-Artikel \u00fcber Judo und die Ideen, welche den japanischen Kampfk\u00fcnsten zugrundeliegen. Nach 10 &hellip; <\/p>\n<p class=\"link-more\"><a href=\"https:\/\/aikikai-test.ch\/?page_id=102\" class=\"more-link\"><span class=\"screen-reader-text\">\u201eHerbert Looser\u201c <\/span>weiterlesen<\/a><\/p>\n","protected":false},"author":1,"featured_media":0,"parent":0,"menu_order":0,"comment_status":"closed","ping_status":"closed","template":"","meta":{"footnotes":""},"class_list":["post-102","page","type-page","status-publish","hentry"],"_links":{"self":[{"href":"https:\/\/aikikai-test.ch\/index.php?rest_route=\/wp\/v2\/pages\/102","targetHints":{"allow":["GET"]}}],"collection":[{"href":"https:\/\/aikikai-test.ch\/index.php?rest_route=\/wp\/v2\/pages"}],"about":[{"href":"https:\/\/aikikai-test.ch\/index.php?rest_route=\/wp\/v2\/types\/page"}],"author":[{"embeddable":true,"href":"https:\/\/aikikai-test.ch\/index.php?rest_route=\/wp\/v2\/users\/1"}],"replies":[{"embeddable":true,"href":"https:\/\/aikikai-test.ch\/index.php?rest_route=%2Fwp%2Fv2%2Fcomments&post=102"}],"version-history":[{"count":7,"href":"https:\/\/aikikai-test.ch\/index.php?rest_route=\/wp\/v2\/pages\/102\/revisions"}],"predecessor-version":[{"id":6198,"href":"https:\/\/aikikai-test.ch\/index.php?rest_route=\/wp\/v2\/pages\/102\/revisions\/6198"}],"wp:attachment":[{"href":"https:\/\/aikikai-test.ch\/index.php?rest_route=%2Fwp%2Fv2%2Fmedia&parent=102"}],"curies":[{"name":"wp","href":"https:\/\/api.w.org\/{rel}","templated":true}]}}