{"id":103,"date":"2017-03-03T17:05:08","date_gmt":"2017-03-03T16:05:08","guid":{"rendered":"https:\/\/aikiweb.micnet.ch\/?page_id=103"},"modified":"2024-03-20T22:43:30","modified_gmt":"2024-03-20T21:43:30","slug":"michael-mueller","status":"publish","type":"page","link":"https:\/\/aikikai-test.ch\/?page_id=103","title":{"rendered":"Michael M\u00fcller"},"content":{"rendered":"<div class=\"WordSection1\">\n<table class=\"MsoTableGrid\" style=\"border-collapse: collapse; border: none; mso-yfti-tbllook: 1184; mso-padding-alt: 0cm 5.4pt 0cm 5.4pt; mso-border-insideh: none; mso-border-insidev: none;\" border=\"0\" cellspacing=\"0\" cellpadding=\"0\">\n<tbody>\n<tr style=\"mso-yfti-irow: 0; mso-yfti-firstrow: yes;\">\n<td style=\"width: 150.9pt; padding: 0cm 5.4pt 0cm 5.4pt;\" rowspan=\"4\" width=\"151\">\n<p class=\"MsoNormal\"><span lang=\"EN-US\">\u00a0<img decoding=\"async\" class=\"alignnone wp-image-3731 size-full\" src=\"\/wp-content\/uploads\/2017\/07\/MichiM.jpg\" alt=\"\" width=\"140\" height=\"183\" \/><\/span><\/p>\n<\/td>\n<td style=\"width: 150.95pt; padding: 0cm 5.4pt 0cm 5.4pt;\" width=\"151\">\n<p class=\"MsoNormal\"><span class=\"SpellE\"><span lang=\"EN-US\">Vorname<\/span><\/span><span lang=\"EN-US\">:<\/span><\/p>\n<\/td>\n<td style=\"width: 150.95pt; padding: 0cm 5.4pt 0cm 5.4pt;\" width=\"151\">\n<p class=\"MsoNormal\"><span lang=\"EN-US\">Michael<\/span><\/p>\n<\/td>\n<\/tr>\n<tr style=\"mso-yfti-irow: 1; height: 15.85pt;\">\n<td style=\"width: 150.95pt; padding: 0cm 5.4pt 0cm 5.4pt; height: 15.85pt;\" width=\"151\">\n<p class=\"MsoNormal\"><span class=\"SpellE\"><span lang=\"EN-US\">Nachname<\/span><\/span><\/p>\n<\/td>\n<td style=\"width: 150.95pt; padding: 0cm 5.4pt 0cm 5.4pt; height: 15.85pt;\" width=\"151\">\n<p class=\"MsoNormal\"><span class=\"SpellE\"><span lang=\"EN-US\">M\u00fcller<\/span><\/span><\/p>\n<\/td>\n<\/tr>\n<tr style=\"mso-yfti-irow: 2; height: 16.05pt;\">\n<td style=\"width: 150.95pt; padding: 0cm 5.4pt 0cm 5.4pt; height: 16.05pt;\" width=\"151\">\n<p class=\"MsoNormal\"><span class=\"SpellE\"><span lang=\"EN-US\">Praktiziert<\/span><\/span><span lang=\"EN-US\"> <span class=\"SpellE\">seit<\/span>:<\/span><\/p>\n<\/td>\n<td style=\"width: 150.95pt; padding: 0cm 5.4pt 0cm 5.4pt; height: 16.05pt;\" width=\"151\">\n<p class=\"MsoNormal\"><span lang=\"EN-US\">1997<\/span><\/p>\n<\/td>\n<\/tr>\n<tr style=\"mso-yfti-irow: 3; mso-yfti-lastrow: yes; height: 13.25pt;\">\n<td style=\"width: 150.95pt; padding: 0cm 5.4pt 0cm 5.4pt; height: 13.25pt;\" width=\"151\">\n<p class=\"MsoNormal\"><span class=\"SpellE\"><span lang=\"EN-US\">Gradierung<\/span><\/span><span lang=\"EN-US\">:<\/span><\/p>\n<\/td>\n<td style=\"width: 150.95pt; padding: 0cm 5.4pt 0cm 5.4pt; height: 13.25pt;\" width=\"151\">\n<p class=\"MsoNormal\"><span lang=\"EN-US\">5.Dan<\/span><\/p>\n<\/td>\n<\/tr>\n<\/tbody>\n<\/table>\n<div id=\"c63\" class=\"csc-default\">\n<div class=\"csc-textpic csc-textpic-intext-left-nowrap\">\n<div class=\"csc-textpic-text\">\n<p class=\"bodytext\">Mitglied der technischen Kommission des AIKI-KAI Z\u00dcRICH<\/p>\n<\/div>\n<\/div>\n<\/div>\n<div id=\"c152\" class=\"csc-default\">\n<p class=\"bodytext\">1997 suchte ich einen Ausgleich zu meinem Beruf und wollte nicht nur einen weiteren &#8222;Sport&#8220; betreiben, sondern etwas mit Inhalt. Ich schaute verschiedenste Budo-Arten wie Karate-Do , Judo oder Jiu-Jitsu an und blieb bei Aikido h\u00e4ngen, da\u00a0 mich die Gesamtheit dieser Kampfkunst \u00fcberzeugte. Es wird gleichviel Gewicht ins K\u00f6rperliche, wie auch ins Mentale gelegt. \u00dcben kann man mit und ohne Waffen oder in Kombination und in der Zwischenzeit habe ich festgestellt, dass in jedem Lebensalter andere Aspekte vom Aikido gepflegt und vertieft werden k\u00f6nnen, so dass ich (hoffentlich) sprichw\u00f6rtlich bis ins hohe Alter diese faszinierende Kampfkunst praktizieren und immer wieder Neues lernen darf.<\/p>\n<\/div>\n<\/div>\n","protected":false},"excerpt":{"rendered":"<p>\u00a0 Vorname: Michael Nachname M\u00fcller Praktiziert seit: 1997 Gradierung: 5.Dan Mitglied der technischen Kommission des AIKI-KAI Z\u00dcRICH 1997 suchte ich einen Ausgleich zu meinem Beruf und wollte nicht nur einen weiteren &#8222;Sport&#8220; betreiben, sondern etwas mit Inhalt. Ich schaute verschiedenste Budo-Arten wie Karate-Do , Judo oder Jiu-Jitsu an und blieb bei Aikido h\u00e4ngen, da\u00a0 mich &hellip; <\/p>\n<p class=\"link-more\"><a href=\"https:\/\/aikikai-test.ch\/?page_id=103\" class=\"more-link\"><span class=\"screen-reader-text\">\u201eMichael M\u00fcller\u201c <\/span>weiterlesen<\/a><\/p>\n","protected":false},"author":1,"featured_media":0,"parent":0,"menu_order":0,"comment_status":"closed","ping_status":"closed","template":"","meta":{"footnotes":""},"class_list":["post-103","page","type-page","status-publish","hentry"],"_links":{"self":[{"href":"https:\/\/aikikai-test.ch\/index.php?rest_route=\/wp\/v2\/pages\/103","targetHints":{"allow":["GET"]}}],"collection":[{"href":"https:\/\/aikikai-test.ch\/index.php?rest_route=\/wp\/v2\/pages"}],"about":[{"href":"https:\/\/aikikai-test.ch\/index.php?rest_route=\/wp\/v2\/types\/page"}],"author":[{"embeddable":true,"href":"https:\/\/aikikai-test.ch\/index.php?rest_route=\/wp\/v2\/users\/1"}],"replies":[{"embeddable":true,"href":"https:\/\/aikikai-test.ch\/index.php?rest_route=%2Fwp%2Fv2%2Fcomments&post=103"}],"version-history":[{"count":7,"href":"https:\/\/aikikai-test.ch\/index.php?rest_route=\/wp\/v2\/pages\/103\/revisions"}],"predecessor-version":[{"id":5915,"href":"https:\/\/aikikai-test.ch\/index.php?rest_route=\/wp\/v2\/pages\/103\/revisions\/5915"}],"wp:attachment":[{"href":"https:\/\/aikikai-test.ch\/index.php?rest_route=%2Fwp%2Fv2%2Fmedia&parent=103"}],"curies":[{"name":"wp","href":"https:\/\/api.w.org\/{rel}","templated":true}]}}