{"id":105,"date":"2017-03-03T17:05:08","date_gmt":"2017-03-03T16:05:08","guid":{"rendered":"https:\/\/aikiweb.micnet.ch\/?page_id=105"},"modified":"2023-10-03T17:17:00","modified_gmt":"2023-10-03T15:17:00","slug":"daniel-perruchoud","status":"publish","type":"page","link":"https:\/\/aikikai-test.ch\/?page_id=105","title":{"rendered":"Daniel Perruchoud"},"content":{"rendered":"<div class=\"WordSection1\">\n<table class=\"MsoTableGrid\" style=\"border-collapse: collapse; border: none; mso-yfti-tbllook: 1184; mso-padding-alt: 0cm 5.4pt 0cm 5.4pt; mso-border-insideh: none; mso-border-insidev: none;\" border=\"0\" cellspacing=\"0\" cellpadding=\"0\">\n<tbody>\n<tr style=\"mso-yfti-irow: 0; mso-yfti-firstrow: yes;\">\n<td style=\"width: 150.9pt; padding: 0cm 5.4pt 0cm 5.4pt;\" rowspan=\"4\" width=\"151\">\n<p class=\"MsoNormal\"><span lang=\"EN-US\"><br \/>\n<img decoding=\"async\" class=\"alignnone wp-image-3683 size-full\" src=\"\/wp-content\/uploads\/2017\/07\/Dani.jpg\" alt=\"\" width=\"140\" height=\"183\" \/>\u00a0<\/span><\/p>\n<\/td>\n<td style=\"width: 150.95pt; padding: 0cm 5.4pt 0cm 5.4pt;\" width=\"151\">\n<p class=\"MsoNormal\"><span class=\"SpellE\"><span lang=\"EN-US\">Vorname<\/span><\/span><span lang=\"EN-US\">:<\/span><\/p>\n<\/td>\n<td style=\"width: 150.95pt; padding: 0cm 5.4pt 0cm 5.4pt;\" width=\"151\">\n<p class=\"MsoNormal\"><span lang=\"EN-US\">Daniel<\/span><\/p>\n<\/td>\n<\/tr>\n<tr style=\"mso-yfti-irow: 1; height: 15.85pt;\">\n<td style=\"width: 150.95pt; padding: 0cm 5.4pt 0cm 5.4pt; height: 15.85pt;\" width=\"151\">\n<p class=\"MsoNormal\"><span class=\"SpellE\"><span lang=\"EN-US\">Nachname<\/span><\/span><\/p>\n<\/td>\n<td style=\"width: 150.95pt; padding: 0cm 5.4pt 0cm 5.4pt; height: 15.85pt;\" width=\"151\">\n<p class=\"MsoNormal\"><span class=\"SpellE\"><span lang=\"EN-US\">Perruchoud<\/span><\/span><\/p>\n<\/td>\n<\/tr>\n<tr style=\"mso-yfti-irow: 2; height: 16.05pt;\">\n<td style=\"width: 150.95pt; padding: 0cm 5.4pt 0cm 5.4pt; height: 16.05pt;\" width=\"151\">\n<p class=\"MsoNormal\"><span class=\"SpellE\"><span lang=\"EN-US\">Praktiziert<\/span><\/span><span lang=\"EN-US\"> <span class=\"SpellE\">seit<\/span>:<\/span><\/p>\n<\/td>\n<td style=\"width: 150.95pt; padding: 0cm 5.4pt 0cm 5.4pt; height: 16.05pt;\" width=\"151\">\n<p class=\"MsoNormal\"><span lang=\"EN-US\">1985<\/span><\/p>\n<\/td>\n<\/tr>\n<tr style=\"mso-yfti-irow: 3; mso-yfti-lastrow: yes; height: 13.25pt;\">\n<td style=\"width: 150.95pt; padding: 0cm 5.4pt 0cm 5.4pt; height: 13.25pt;\" width=\"151\">\n<p class=\"MsoNormal\"><span class=\"SpellE\"><span lang=\"EN-US\">Gradierung<\/span><\/span><span lang=\"EN-US\">:<\/span><\/p>\n<\/td>\n<td style=\"width: 150.95pt; padding: 0cm 5.4pt 0cm 5.4pt; height: 13.25pt;\" width=\"151\">\n<p class=\"MsoNormal\"><span lang=\"EN-US\">6.Dan<\/span><\/p>\n<\/td>\n<\/tr>\n<\/tbody>\n<\/table>\n<div id=\"c63\" class=\"csc-default\">\n<div class=\"csc-textpic csc-textpic-intext-left-nowrap\">\n<div class=\"csc-textpic-text\">\n<p class=\"bodytext\">Mitglied der technischen Kommission des AIKI-KAI Z\u00dcRICH<\/p>\n<\/div>\n<\/div>\n<\/div>\n<div id=\"c152\" class=\"csc-default\">\n<p class=\"bodytext\">Daniel Perruchoud (6. Dan Aikido, 1. Dan Judo, 1. Kyu Karate) lernte Aikido 1985 kennen, nachdem er bereits 2 Jahre Judo trainiert hatte. Zun\u00e4chst praktizierte er parallel Judo und Aikido, konzentrierte sich dann ab 1994 ganz aufs Aikido. Es waren Vielschichtigkeit und Eleganz im Aikido sowie 1988 die Begegnung mit Frank Doran Sensei (8. Dan) , welche ihn in diese Richtung f\u00fchrten. Als Uchi-Deshi (&#8222;Aikido-Lehrling&#8220;) von Frank Doran Sensei widmete er sich 1990\/1991 mehrere Monate ganz dem Studium des Aikido.<\/p>\n<p class=\"bodytext\">Daniel unterrichtet seit 1997 im Aiki-Kai Z\u00fcrich und ist seit 2023 Pr\u00e4sident des Aikikai-Zuerich. F\u00fcr ihn ist Aikido eine Kampfkunst. &#8222;Gewalt und Druck effektiv aufzul\u00f6sen&#8220; und die Dynamik von Ukemi (Rollen, Fallen) und Randori (freies \u00dcben mit mehreren Partnern) sind Themen, welche ihn sein Leben lang begeistern werden.<\/p>\n<\/div>\n<\/div>\n","protected":false},"excerpt":{"rendered":"<p>\u00a0 Vorname: Daniel Nachname Perruchoud Praktiziert seit: 1985 Gradierung: 6.Dan Mitglied der technischen Kommission des AIKI-KAI Z\u00dcRICH Daniel Perruchoud (6. Dan Aikido, 1. Dan Judo, 1. Kyu Karate) lernte Aikido 1985 kennen, nachdem er bereits 2 Jahre Judo trainiert hatte. Zun\u00e4chst praktizierte er parallel Judo und Aikido, konzentrierte sich dann ab 1994 ganz aufs Aikido. &hellip; <\/p>\n<p class=\"link-more\"><a href=\"https:\/\/aikikai-test.ch\/?page_id=105\" class=\"more-link\"><span class=\"screen-reader-text\">\u201eDaniel Perruchoud\u201c <\/span>weiterlesen<\/a><\/p>\n","protected":false},"author":1,"featured_media":0,"parent":0,"menu_order":0,"comment_status":"closed","ping_status":"closed","template":"","meta":{"footnotes":""},"class_list":["post-105","page","type-page","status-publish","hentry"],"_links":{"self":[{"href":"https:\/\/aikikai-test.ch\/index.php?rest_route=\/wp\/v2\/pages\/105","targetHints":{"allow":["GET"]}}],"collection":[{"href":"https:\/\/aikikai-test.ch\/index.php?rest_route=\/wp\/v2\/pages"}],"about":[{"href":"https:\/\/aikikai-test.ch\/index.php?rest_route=\/wp\/v2\/types\/page"}],"author":[{"embeddable":true,"href":"https:\/\/aikikai-test.ch\/index.php?rest_route=\/wp\/v2\/users\/1"}],"replies":[{"embeddable":true,"href":"https:\/\/aikikai-test.ch\/index.php?rest_route=%2Fwp%2Fv2%2Fcomments&post=105"}],"version-history":[{"count":9,"href":"https:\/\/aikikai-test.ch\/index.php?rest_route=\/wp\/v2\/pages\/105\/revisions"}],"predecessor-version":[{"id":5828,"href":"https:\/\/aikikai-test.ch\/index.php?rest_route=\/wp\/v2\/pages\/105\/revisions\/5828"}],"wp:attachment":[{"href":"https:\/\/aikikai-test.ch\/index.php?rest_route=%2Fwp%2Fv2%2Fmedia&parent=105"}],"curies":[{"name":"wp","href":"https:\/\/api.w.org\/{rel}","templated":true}]}}