{"id":108,"date":"2017-03-03T17:05:08","date_gmt":"2017-03-03T16:05:08","guid":{"rendered":"https:\/\/aikiweb.micnet.ch\/?page_id=108"},"modified":"2025-03-20T17:54:04","modified_gmt":"2025-03-20T16:54:04","slug":"ivo-wallimann","status":"publish","type":"page","link":"https:\/\/aikikai-test.ch\/?page_id=108","title":{"rendered":"Ivo Wallimann"},"content":{"rendered":"<div class=\"WordSection1\">\n<table class=\"MsoTableGrid\" style=\"border-collapse: collapse; border: none; mso-yfti-tbllook: 1184; mso-padding-alt: 0cm 5.4pt 0cm 5.4pt; mso-border-insideh: none; mso-border-insidev: none;\" border=\"0\" cellspacing=\"0\" cellpadding=\"0\">\n<tbody>\n<tr style=\"mso-yfti-irow: 0; mso-yfti-firstrow: yes;\">\n<td style=\"width: 150.9pt; padding: 0cm 5.4pt 0cm 5.4pt;\" rowspan=\"4\" width=\"151\">\n<p class=\"MsoNormal\"><span lang=\"EN-US\">\u00a0<img decoding=\"async\" class=\"alignnone wp-image-3721 size-full\" src=\"\/wp-content\/uploads\/2017\/07\/Ivo.jpg\" alt=\"\" width=\"139\" height=\"184\" \/><\/span><\/p>\n<\/td>\n<td style=\"width: 150.95pt; padding: 0cm 5.4pt 0cm 5.4pt;\" width=\"151\">\n<p class=\"MsoNormal\"><span class=\"SpellE\"><span lang=\"EN-US\">Vorname<\/span><\/span><span lang=\"EN-US\">:<\/span><\/p>\n<\/td>\n<td style=\"width: 150.95pt; padding: 0cm 5.4pt 0cm 5.4pt;\" width=\"151\">\n<p class=\"MsoNormal\"><span lang=\"EN-US\">Ivo<\/span><\/p>\n<\/td>\n<\/tr>\n<tr style=\"mso-yfti-irow: 1; height: 15.85pt;\">\n<td style=\"width: 150.95pt; padding: 0cm 5.4pt 0cm 5.4pt; height: 15.85pt;\" width=\"151\">\n<p class=\"MsoNormal\"><span class=\"SpellE\"><span lang=\"EN-US\">Nachname<\/span><\/span><\/p>\n<\/td>\n<td style=\"width: 150.95pt; padding: 0cm 5.4pt 0cm 5.4pt; height: 15.85pt;\" width=\"151\">\n<p class=\"MsoNormal\"><span class=\"SpellE\"><span lang=\"EN-US\">Wallimann<\/span><\/span><\/p>\n<\/td>\n<\/tr>\n<tr style=\"mso-yfti-irow: 2; height: 16.05pt;\">\n<td style=\"width: 150.95pt; padding: 0cm 5.4pt 0cm 5.4pt; height: 16.05pt;\" width=\"151\">\n<p class=\"MsoNormal\"><span class=\"SpellE\"><span lang=\"EN-US\">Praktiziert<\/span><\/span><span lang=\"EN-US\"> <span class=\"SpellE\">seit<\/span>:<\/span><\/p>\n<\/td>\n<td style=\"width: 150.95pt; padding: 0cm 5.4pt 0cm 5.4pt; height: 16.05pt;\" width=\"151\">\n<p class=\"MsoNormal\"><span lang=\"EN-US\">1996<\/span><\/p>\n<\/td>\n<\/tr>\n<tr style=\"mso-yfti-irow: 3; mso-yfti-lastrow: yes; height: 13.25pt;\">\n<td style=\"width: 150.95pt; padding: 0cm 5.4pt 0cm 5.4pt; height: 13.25pt;\" width=\"151\">\n<p class=\"MsoNormal\"><span class=\"SpellE\"><span lang=\"EN-US\">Gradierung<\/span><\/span><span lang=\"EN-US\">:<\/span><\/p>\n<\/td>\n<td style=\"width: 150.95pt; padding: 0cm 5.4pt 0cm 5.4pt; height: 13.25pt;\" width=\"151\">\n<p class=\"MsoNormal\"><span lang=\"EN-US\">4.Dan<\/span><\/p>\n<\/td>\n<\/tr>\n<\/tbody>\n<\/table>\n<div id=\"c63\" class=\"csc-default\">\n<div class=\"csc-textpic csc-textpic-intext-left-nowrap\">\n<div class=\"csc-textpic-text\">\n<p class=\"bodytext\">Mitglied der technischen Kommission des AIKI-KAI Z\u00dcRICH<\/p>\n<\/div>\n<\/div>\n<\/div>\n<div id=\"c152\" class=\"csc-default\">\n<p class=\"bodytext\">Die erste Aikido-Technik, die mir mit Namen bekannt geblieben ist, heisst &#8222;Pizza with everything&#8220;. Sie wurde von Frank Doran Shihan 1996 an seinem allj\u00e4hrlichen Lehrgang in Z\u00fcrich vorgezeigt. Dort kam ich zum ersten Mal mit dessen Aikido in Kontakt, das mich seither durch Herbert Looser Sensei als meinem ersten und engsten Aikido-Lehrer im Aiki-Kai Z\u00fcrich stark gepr\u00e4gt hat. Mit dem Aiki-Kai Z\u00fcrich bin ich auf meinem Aikidoweg eng verbunden. Bei all unseren Lehrern habe ich w\u00e4hrend einer l\u00e4ngeren oder k\u00fcrzeren Phase Aikido ge\u00fcbt. Neben Frank Doran Shihan und den Lehrern des Aiki-Kai Z\u00fcrich beeinflussen Tamura Shihan und seine Sch\u00fcler, allen voran Rolf Zuberb\u00fchler Sensei, mein Aikido.<\/p>\n<p class=\"bodytext\">Aikido begeistert mich wegen seiner Philosophie: Es geht nicht darum, eine Auseinandersetzung mit finaler Gewalt zu gewinnen, sondern eine Situation mit Agressionspotential zu kontrollieren und dieses aufzul\u00f6sen. Dies erfordert viel \u00dcbung und K\u00f6rperbeherrschung, was nur durch st\u00e4ndiges, fokussiertes Training erreicht werden kann. Aikido ist f\u00fcr mich ein wichtiger Bestandteil meines Lebens als Ausgleich zu meinem sonstigen stark durch Sprache und Intellekt gepr\u00e4gten Alltag. Im Keiko suche ich deshalb die intensive (non-verbale) Auseinandersetzung mit meiner Partnerin, meinem Partner und meinem nicht immer gelenkigen K\u00f6rper. Dabei suche ich w\u00e4hrend jeder Technik den Ort, an dem ich mich am wohlsten f\u00fchle.<\/p>\n<\/div>\n<\/div>\n","protected":false},"excerpt":{"rendered":"<p>\u00a0 Vorname: Ivo Nachname Wallimann Praktiziert seit: 1996 Gradierung: 4.Dan Mitglied der technischen Kommission des AIKI-KAI Z\u00dcRICH Die erste Aikido-Technik, die mir mit Namen bekannt geblieben ist, heisst &#8222;Pizza with everything&#8220;. Sie wurde von Frank Doran Shihan 1996 an seinem allj\u00e4hrlichen Lehrgang in Z\u00fcrich vorgezeigt. Dort kam ich zum ersten Mal mit dessen Aikido in &hellip; <\/p>\n<p class=\"link-more\"><a href=\"https:\/\/aikikai-test.ch\/?page_id=108\" class=\"more-link\"><span class=\"screen-reader-text\">\u201eIvo Wallimann\u201c <\/span>weiterlesen<\/a><\/p>\n","protected":false},"author":1,"featured_media":0,"parent":0,"menu_order":0,"comment_status":"closed","ping_status":"closed","template":"","meta":{"footnotes":""},"class_list":["post-108","page","type-page","status-publish","hentry"],"_links":{"self":[{"href":"https:\/\/aikikai-test.ch\/index.php?rest_route=\/wp\/v2\/pages\/108","targetHints":{"allow":["GET"]}}],"collection":[{"href":"https:\/\/aikikai-test.ch\/index.php?rest_route=\/wp\/v2\/pages"}],"about":[{"href":"https:\/\/aikikai-test.ch\/index.php?rest_route=\/wp\/v2\/types\/page"}],"author":[{"embeddable":true,"href":"https:\/\/aikikai-test.ch\/index.php?rest_route=\/wp\/v2\/users\/1"}],"replies":[{"embeddable":true,"href":"https:\/\/aikikai-test.ch\/index.php?rest_route=%2Fwp%2Fv2%2Fcomments&post=108"}],"version-history":[{"count":7,"href":"https:\/\/aikikai-test.ch\/index.php?rest_route=\/wp\/v2\/pages\/108\/revisions"}],"predecessor-version":[{"id":6085,"href":"https:\/\/aikikai-test.ch\/index.php?rest_route=\/wp\/v2\/pages\/108\/revisions\/6085"}],"wp:attachment":[{"href":"https:\/\/aikikai-test.ch\/index.php?rest_route=%2Fwp%2Fv2%2Fmedia&parent=108"}],"curies":[{"name":"wp","href":"https:\/\/api.w.org\/{rel}","templated":true}]}}