{"id":115,"date":"2017-03-03T17:05:09","date_gmt":"2017-03-03T16:05:09","guid":{"rendered":"https:\/\/aikiweb.micnet.ch\/?page_id=115"},"modified":"2017-05-21T11:59:42","modified_gmt":"2017-05-21T09:59:42","slug":"standort","status":"publish","type":"page","link":"https:\/\/aikikai-test.ch\/?page_id=115","title":{"rendered":"Standort"},"content":{"rendered":"<div id=\"wpgmza_map_1\" class=\"wpgmza_map wpgmza-auto-left\" style=\"display:block;width:100\\%;height:400px;overflow:hidden;position:relative;\" data-map-id=\"1\" data-maps-engine=\"open-layers\" data-build-engine=\"atlas-novus\" data-shortcode-attributes=\"{&quot;id&quot;:&quot;1&quot;,&quot;zoom&quot;:false,&quot;width&quot;:false,&quot;height&quot;:false,&quot;marker&quot;:false,&quot;classname&quot;:false}\" data-settings=\"{&quot;map_title&quot;:&quot;Aiki-kai Z\\u00fcrich&quot;,&quot;map_width&quot;:&quot;100&quot;,&quot;map_height&quot;:&quot;400&quot;,&quot;map_start_lat&quot;:&quot;47.395151&quot;,&quot;map_start_lng&quot;:&quot;8.487058&quot;,&quot;map_start_location&quot;:&quot;47.39515109999999,8.4870581&quot;,&quot;map_start_zoom&quot;:&quot;15&quot;,&quot;default_marker&quot;:&quot;0&quot;,&quot;type&quot;:&quot;1&quot;,&quot;alignment&quot;:&quot;1&quot;,&quot;directions_enabled&quot;:&quot;1&quot;,&quot;styling_enabled&quot;:&quot;0&quot;,&quot;styling_json&quot;:&quot;&quot;,&quot;active&quot;:&quot;0&quot;,&quot;kml&quot;:&quot;&quot;,&quot;bicycle&quot;:&quot;0&quot;,&quot;traffic&quot;:&quot;0&quot;,&quot;dbox&quot;:&quot;1&quot;,&quot;dbox_width&quot;:&quot;100&quot;,&quot;listmarkers&quot;:&quot;0&quot;,&quot;listmarkers_advanced&quot;:&quot;0&quot;,&quot;filterbycat&quot;:&quot;0&quot;,&quot;ugm_enabled&quot;:&quot;0&quot;,&quot;ugm_category_enabled&quot;:&quot;0&quot;,&quot;fusion&quot;:&quot;&quot;,&quot;map_width_type&quot;:&quot;\\\\%&quot;,&quot;map_height_type&quot;:&quot;px&quot;,&quot;mass_marker_support&quot;:&quot;1&quot;,&quot;ugm_access&quot;:&quot;0&quot;,&quot;order_markers_by&quot;:&quot;1&quot;,&quot;order_markers_choice&quot;:&quot;2&quot;,&quot;show_user_location&quot;:&quot;0&quot;,&quot;default_to&quot;:&quot;&quot;,&quot;store_locator_enabled&quot;:2,&quot;store_locator_distance&quot;:2,&quot;store_locator_default_radius&quot;:10,&quot;store_locator_not_found_message&quot;:&quot;No results found in this location. Please try again.&quot;,&quot;store_locator_bounce&quot;:1,&quot;store_locator_query_string&quot;:&quot;ZIP \\\/ Address:&quot;,&quot;store_locator_default_address&quot;:&quot;&quot;,&quot;wpgmza_store_locator_restrict&quot;:&quot;&quot;,&quot;store_locator_style&quot;:&quot;legacy&quot;,&quot;wpgmza_store_locator_radius_style&quot;:&quot;legacy&quot;,&quot;map_max_zoom&quot;:&quot;1&quot;,&quot;transport_layer&quot;:0,&quot;wpgmza_show_points_of_interest&quot;:0,&quot;wpgmza_auto_night&quot;:0,&quot;id&quot;:1}\" ><\/div>\n<h3>Anfahrt<\/h3>\n<p class=\"bodytext\">Vom Hauptbahnhof her ist unser Domizil bequem in ca. 20 Minuten mit dem Tram Nr. 17, Station Gr\u00fcnaustrasse, erreichbar. Oder ab Bahnhof Altstetten 5 Minuten zu Fuss, \u00fcber die Fussg\u00e4ngerbr\u00fccke der Autobahn A1.<\/p>\n<p class=\"bodytext\">Mit dem Auto: Von Bern kommend, Autobahn A1, Ausfahrt Altstetten, danach Richtung H\u00f6ngg und gleich wieder runter von der Br\u00fccke zur\u00fcck Richtung Bern. danach ist man automatisch auf der Bernerstrasse Nord. Vor der Tankstelle rechts einbiegen.<\/p>\n","protected":false},"excerpt":{"rendered":"<p>Anfahrt Vom Hauptbahnhof her ist unser Domizil bequem in ca. 20 Minuten mit dem Tram Nr. 17, Station Gr\u00fcnaustrasse, erreichbar. Oder ab Bahnhof Altstetten 5 Minuten zu Fuss, \u00fcber die Fussg\u00e4ngerbr\u00fccke der Autobahn A1. Mit dem Auto: Von Bern kommend, Autobahn A1, Ausfahrt Altstetten, danach Richtung H\u00f6ngg und gleich wieder runter von der Br\u00fccke zur\u00fcck &hellip; <\/p>\n<p class=\"link-more\"><a href=\"https:\/\/aikikai-test.ch\/?page_id=115\" class=\"more-link\"><span class=\"screen-reader-text\">\u201eStandort\u201c <\/span>weiterlesen<\/a><\/p>\n","protected":false},"author":1,"featured_media":0,"parent":0,"menu_order":0,"comment_status":"closed","ping_status":"closed","template":"","meta":{"footnotes":""},"class_list":["post-115","page","type-page","status-publish","hentry"],"_links":{"self":[{"href":"https:\/\/aikikai-test.ch\/index.php?rest_route=\/wp\/v2\/pages\/115","targetHints":{"allow":["GET"]}}],"collection":[{"href":"https:\/\/aikikai-test.ch\/index.php?rest_route=\/wp\/v2\/pages"}],"about":[{"href":"https:\/\/aikikai-test.ch\/index.php?rest_route=\/wp\/v2\/types\/page"}],"author":[{"embeddable":true,"href":"https:\/\/aikikai-test.ch\/index.php?rest_route=\/wp\/v2\/users\/1"}],"replies":[{"embeddable":true,"href":"https:\/\/aikikai-test.ch\/index.php?rest_route=%2Fwp%2Fv2%2Fcomments&post=115"}],"version-history":[{"count":1,"href":"https:\/\/aikikai-test.ch\/index.php?rest_route=\/wp\/v2\/pages\/115\/revisions"}],"predecessor-version":[{"id":3071,"href":"https:\/\/aikikai-test.ch\/index.php?rest_route=\/wp\/v2\/pages\/115\/revisions\/3071"}],"wp:attachment":[{"href":"https:\/\/aikikai-test.ch\/index.php?rest_route=%2Fwp%2Fv2%2Fmedia&parent=115"}],"curies":[{"name":"wp","href":"https:\/\/api.w.org\/{rel}","templated":true}]}}