{"id":120,"date":"2017-03-03T17:05:09","date_gmt":"2017-03-03T16:05:09","guid":{"rendered":"https:\/\/aikiweb.micnet.ch\/?page_id=120"},"modified":"2017-07-20T11:06:43","modified_gmt":"2017-07-20T09:06:43","slug":"geschichte","status":"publish","type":"page","link":"https:\/\/aikikai-test.ch\/?page_id=120","title":{"rendered":"Geschichte"},"content":{"rendered":"<p>Der Aiki-Kai Z\u00fcrich hat w\u00e4hrend \u00fcber 40 Jahren die Entwicklung des Aikido in der Schweiz massgeblich mit gestaltet!<\/p>\n<table style=\"width: 100%;\" border=\"0\">\n<tbody>\n<tr>\n<td style=\"vertical-align: top; background-color: white;\">1959<\/td>\n<td style=\"vertical-align: top; background-color: white;\">Freddy Jacot gr\u00fcndet den Swissair-Judoclub. Etwa ein Dutzend Judokas \u00fcben in einer Turnhalle in Seebach. Als Flight Engineer oft in Japan, lernte Freddy Aikido kennen. Schon bald wird in Seebach auch diese neue Bewegungskunst ge\u00fcbt.<br \/>\nAikido war in der Schweiz noch kaum bekannt. Kleine Gr\u00fcppchen, begannen verschiedenste Arten von Techniken zu \u00fcben, die sie Aikido nannten. meist innerhalb von Judoclubs und unter der \u00c4gide des m\u00e4chtigen Judoverbandes. Damals gab es sogar Diskussionen um Aikido-Wettk\u00e4mpfe!<\/td>\n<\/tr>\n<tr>\n<td style=\"vertical-align: top; background-color: white;\">ab 1965<\/td>\n<td style=\"vertical-align: top; background-color: white;\">Die Aikido-Sektion des Swissair-Judoklubs unter Freddy Jacot organisierte erste Stages mit Nakazono Sensei und Tamura Sensei.<br \/>\nTeils in Z\u00fcrich, teils in Herisau, mit der Aikido-Gruppe von Willy Frischknecht.<br \/>\nAlles zu einer Zeit, als O&#8217;Sensei noch lebte und unterrichtete!<\/td>\n<\/tr>\n<tr>\n<td style=\"vertical-align: top; background-color: white;\">21.09.1969<\/td>\n<td style=\"vertical-align: top; background-color: white;\">Nachdem Bem\u00fchungen um einen gesamtschweizerischen Verband gescheitert waren, wird in der Wohnstube von Willy Frischknecht die ACSA gegr\u00fcndet, die Association Culturelle Suisse d&#8217;Aikido. Freddy Jacot wird ihr erster Pr\u00e4sident.<\/td>\n<\/tr>\n<tr>\n<td style=\"vertical-align: top; background-color: white;\">1971<\/td>\n<td style=\"vertical-align: top; background-color: white;\">Die Aikido-Sektion des Judoclubs wird Swissair-unabh\u00e4ngig und nennt sich fortan &#8222;Aiki-Kai Z\u00fcrich&#8220;. Er ist der ACSA angeschlossen.<\/td>\n<\/tr>\n<tr>\n<td style=\"vertical-align: top; background-color: white;\">ca. 1980<\/td>\n<td style=\"vertical-align: top; background-color: white;\">In Keller-R\u00e4umen an der Eisfeldstrasse in Seebach wird (mit viel<br \/>\nEigenleistung) ein erstes eigenes Aiki-Kai Z\u00fcrich-Dojo eingerichtet.<\/td>\n<\/tr>\n<tr>\n<td style=\"vertical-align: top; background-color: white;\">1983<\/td>\n<td style=\"vertical-align: top; background-color: white;\">Umzug in ein gr\u00f6sseres Dojo an der Fl\u00fcelastrasse in Altstetten.<\/td>\n<\/tr>\n<tr>\n<td style=\"vertical-align: top; background-color: white;\">1989<\/td>\n<td style=\"vertical-align: top; background-color: white;\">Umzug in ein Dojo an der Hardturmstrasse 76 bei der Tramhaltestelle F\u00f6rrlibuckstrasse.<\/td>\n<\/tr>\n<tr>\n<td style=\"vertical-align: top; background-color: white;\">1991<\/td>\n<td style=\"vertical-align: top; background-color: white;\">Der Aiki-Kai Z\u00fcrich schliesst sich der FSA an (Federation Suisse<br \/>\nd&#8217;Aikido). Sie l\u00e4dt jedes Jahr Tamura Sensei zu einem Lehrgang in die Schweiz ein, wo unsere Mitglieder normalerweise ihre Dan-Pr\u00fcfungen ablegen.<\/td>\n<\/tr>\n<tr>\n<td style=\"vertical-align: top; background-color: white;\">2004<\/td>\n<td style=\"vertical-align: top; background-color: white;\">Umzug in ein gr\u00f6sseres Dojo an der Hardturmstrasse 169 bei der Tramhaltestelle Fischerweg.<\/td>\n<\/tr>\n<tr>\n<td style=\"vertical-align: top; background-color: white;\">2015<\/td>\n<td style=\"vertical-align: top; background-color: white;\">Umzug in das gegenw\u00e4rtige Dojo an der Bernerstrasse Nord 182<\/td>\n<\/tr>\n<\/tbody>\n<\/table>\n<p><img fetchpriority=\"high\" decoding=\"async\" class=\"size-medium wp-image-3698 alignleft\" src=\"https:\/\/aikikai-test.ch\/wp-content\/uploads\/2017\/07\/FREDDY-SW-300x225.jpg\" alt=\"\" width=\"300\" height=\"225\" srcset=\"https:\/\/aikikai-test.ch\/wp-content\/uploads\/2017\/07\/FREDDY-SW-300x225.jpg 300w, https:\/\/aikikai-test.ch\/wp-content\/uploads\/2017\/07\/FREDDY-SW.jpg 320w\" sizes=\"(max-width: 300px) 100vw, 300px\" \/>16.12.2007<br \/>\nFreddy Jacot (5.Dan) geht von uns. Freddy gab 1977 den Anstoss zur Gr\u00fcndung des Aiki-Kai Z\u00fcrich, stand unserem Dojo w\u00e4hrend vielen Jahren als Pr\u00e4sident vor und hat in all den Jahrzehnten als gesch\u00e4tzter und erfahrener Lehrer hier unterrichtet. Ab 1991 ist er auch Teil der technischen Kommission der FSA (Federation Suisse d&#8217;Aikido). Als Anerkennung f\u00fcr seine grossen Verdienste wurde ihm von Tamura Sensei 2002 der 5.Dan verliehen. Sein Andenken, sein schwungvoller und freudiger Aikido-Spirit und sein grosses Herzenswissen um die geistige Tiefe von Aikido leben in unserem Dojo weiter!<\/p>\n","protected":false},"excerpt":{"rendered":"<p>Der Aiki-Kai Z\u00fcrich hat w\u00e4hrend \u00fcber 40 Jahren die Entwicklung des Aikido in der Schweiz massgeblich mit gestaltet! 1959 Freddy Jacot gr\u00fcndet den Swissair-Judoclub. Etwa ein Dutzend Judokas \u00fcben in einer Turnhalle in Seebach. Als Flight Engineer oft in Japan, lernte Freddy Aikido kennen. Schon bald wird in Seebach auch diese neue Bewegungskunst ge\u00fcbt. Aikido &hellip; <\/p>\n<p class=\"link-more\"><a href=\"https:\/\/aikikai-test.ch\/?page_id=120\" class=\"more-link\"><span class=\"screen-reader-text\">\u201eGeschichte\u201c <\/span>weiterlesen<\/a><\/p>\n","protected":false},"author":1,"featured_media":0,"parent":0,"menu_order":0,"comment_status":"closed","ping_status":"closed","template":"","meta":{"footnotes":""},"class_list":["post-120","page","type-page","status-publish","hentry"],"_links":{"self":[{"href":"https:\/\/aikikai-test.ch\/index.php?rest_route=\/wp\/v2\/pages\/120","targetHints":{"allow":["GET"]}}],"collection":[{"href":"https:\/\/aikikai-test.ch\/index.php?rest_route=\/wp\/v2\/pages"}],"about":[{"href":"https:\/\/aikikai-test.ch\/index.php?rest_route=\/wp\/v2\/types\/page"}],"author":[{"embeddable":true,"href":"https:\/\/aikikai-test.ch\/index.php?rest_route=\/wp\/v2\/users\/1"}],"replies":[{"embeddable":true,"href":"https:\/\/aikikai-test.ch\/index.php?rest_route=%2Fwp%2Fv2%2Fcomments&post=120"}],"version-history":[{"count":4,"href":"https:\/\/aikikai-test.ch\/index.php?rest_route=\/wp\/v2\/pages\/120\/revisions"}],"predecessor-version":[{"id":3764,"href":"https:\/\/aikikai-test.ch\/index.php?rest_route=\/wp\/v2\/pages\/120\/revisions\/3764"}],"wp:attachment":[{"href":"https:\/\/aikikai-test.ch\/index.php?rest_route=%2Fwp%2Fv2%2Fmedia&parent=120"}],"curies":[{"name":"wp","href":"https:\/\/api.w.org\/{rel}","templated":true}]}}