{"id":37,"date":"2017-03-03T14:39:19","date_gmt":"2017-03-03T14:39:19","guid":{"rendered":"https:\/\/aikiweb.micnet.ch\/?page_id=37"},"modified":"2026-01-15T21:33:57","modified_gmt":"2026-01-15T20:33:57","slug":"lehrerinnnen","status":"publish","type":"page","link":"https:\/\/aikikai-test.ch\/?page_id=37","title":{"rendered":"LehrerInnnen"},"content":{"rendered":"<p>Offenheit und Vielfalt sind Markenzeichen des AIKI-KAI Z\u00dcRICH, welche wir im t\u00e4glichen \u00dcben pflegen, und welche sich auch in der Zusammensetzung unseres <span class=\"s4\">Lehrerkollegiums<\/span> widerspiegeln.<\/p>\n<table style=\"width: 100%;\" border=\"0\">\n<tbody>\n<tr>\n<td><a href=\"\/hans-balmer\/\">Hans Balmer<\/a><\/td>\n<td>praktiziert seit 1980, 4. Dan<\/td>\n<\/tr>\n<tr>\n<td><a href=\"\/barbla-frueh\/\">Barbla Fr\u00fch<\/a><\/td>\n<td>praktiziert seit 1981, 1. Dan<\/td>\n<\/tr>\n<tr>\n<td><a href=\"\/michael-graber\/\">Michael Graber<\/a><\/td>\n<td>praktiziert seit 1997, 3. Dan<\/td>\n<\/tr>\n<tr>\n<td><a href=\"\/herbert-looser\/\">Herbert Looser<\/a><\/td>\n<td>praktiziert seit 1975, 7. Dan<\/td>\n<\/tr>\n<tr>\n<td><a href=\"\/michael-mueller\/\">Michael M\u00fcller<\/a><\/td>\n<td>praktiziert seit 1997, 5. Dan<\/td>\n<\/tr>\n<tr>\n<td><a href=\"\/vanthang-nguyen\/\">VanThang Nguyen<\/a><\/td>\n<td>praktiziert seit 1994, 2. Dan<\/td>\n<\/tr>\n<tr>\n<td><a href=\"\/daniel-perruchoud\/\">Daniel Perruchoud<\/a><\/td>\n<td>praktiziert seit 1985, 6. Dan<\/td>\n<\/tr>\n<tr>\n<td><a href=\"\/michael-schnellmann\/\">Michael Schnellmann<\/a><\/td>\n<td>praktiziert seit 1995, 3. Dan<\/td>\n<\/tr>\n<tr>\n<td><a href=\"\/bruno-vollenweider\/\">Bruno Vollenweider<\/a><\/td>\n<td>praktiziert seit 1980, 4. Dan<\/td>\n<\/tr>\n<tr>\n<td><a href=\"\/ivo-wallimann\/\">Ivo Wallimann<\/a><\/td>\n<td>praktiziert seit 1996, 4. Dan<\/td>\n<\/tr>\n<tr>\n<td><a href=\"\/rolf-zuberbuehler\/\">Rolf Zuberb\u00fchler<\/a><\/td>\n<td>praktiziert seit 1964, 6. Dan<\/td>\n<\/tr>\n<\/tbody>\n<\/table>\n","protected":false},"excerpt":{"rendered":"<p>Offenheit und Vielfalt sind Markenzeichen des AIKI-KAI Z\u00dcRICH, welche wir im t\u00e4glichen \u00dcben pflegen, und welche sich auch in der Zusammensetzung unseres Lehrerkollegiums widerspiegeln. Hans Balmer praktiziert seit 1980, 4. Dan Barbla Fr\u00fch praktiziert seit 1981, 1. Dan Michael Graber praktiziert seit 1997, 3. Dan Herbert Looser praktiziert seit 1975, 7. Dan Michael M\u00fcller praktiziert &hellip; <\/p>\n<p class=\"link-more\"><a href=\"https:\/\/aikikai-test.ch\/?page_id=37\" class=\"more-link\"><span class=\"screen-reader-text\">\u201eLehrerInnnen\u201c <\/span>weiterlesen<\/a><\/p>\n","protected":false},"author":1,"featured_media":0,"parent":0,"menu_order":0,"comment_status":"closed","ping_status":"closed","template":"","meta":{"footnotes":""},"class_list":["post-37","page","type-page","status-publish","hentry"],"_links":{"self":[{"href":"https:\/\/aikikai-test.ch\/index.php?rest_route=\/wp\/v2\/pages\/37","targetHints":{"allow":["GET"]}}],"collection":[{"href":"https:\/\/aikikai-test.ch\/index.php?rest_route=\/wp\/v2\/pages"}],"about":[{"href":"https:\/\/aikikai-test.ch\/index.php?rest_route=\/wp\/v2\/types\/page"}],"author":[{"embeddable":true,"href":"https:\/\/aikikai-test.ch\/index.php?rest_route=\/wp\/v2\/users\/1"}],"replies":[{"embeddable":true,"href":"https:\/\/aikikai-test.ch\/index.php?rest_route=%2Fwp%2Fv2%2Fcomments&post=37"}],"version-history":[{"count":12,"href":"https:\/\/aikikai-test.ch\/index.php?rest_route=\/wp\/v2\/pages\/37\/revisions"}],"predecessor-version":[{"id":6202,"href":"https:\/\/aikikai-test.ch\/index.php?rest_route=\/wp\/v2\/pages\/37\/revisions\/6202"}],"wp:attachment":[{"href":"https:\/\/aikikai-test.ch\/index.php?rest_route=%2Fwp%2Fv2%2Fmedia&parent=37"}],"curies":[{"name":"wp","href":"https:\/\/api.w.org\/{rel}","templated":true}]}}