{"id":3828,"date":"2017-07-31T15:47:39","date_gmt":"2017-07-31T13:47:39","guid":{"rendered":"https:\/\/aikikai-test.ch\/?page_id=3828"},"modified":"2022-01-09T13:26:15","modified_gmt":"2022-01-09T12:26:15","slug":"vanthang-nguyen","status":"publish","type":"page","link":"https:\/\/aikikai-test.ch\/?page_id=3828&lang=en","title":{"rendered":"VanThang Nguyen"},"content":{"rendered":"<div class=\"WordSection1\">\n<table class=\"MsoTableGrid\" style=\"border-collapse: collapse; border: none; mso-yfti-tbllook: 1184; mso-padding-alt: 0cm 5.4pt 0cm 5.4pt; mso-border-insideh: none; mso-border-insidev: none;\" border=\"0\" cellspacing=\"0\" cellpadding=\"0\">\n<tbody>\n<tr style=\"mso-yfti-irow: 0; mso-yfti-firstrow: yes;\">\n<td style=\"width: 150.9pt; padding: 0cm 5.4pt 0cm 5.4pt;\" rowspan=\"4\" width=\"151\">\n<p class=\"MsoNormal\"><span lang=\"EN-US\">\u00a0<img decoding=\"async\" class=\"alignnone wp-image-3758 size-full\" src=\"\/wp-content\/uploads\/2017\/07\/VanThang.jpg\" alt=\"\" width=\"139\" height=\"183\" \/><\/span><\/p>\n<\/td>\n<td style=\"width: 150.95pt; padding: 0cm 5.4pt 0cm 5.4pt;\" width=\"151\">\n<p class=\"MsoNormal\">First name:<\/p>\n<\/td>\n<td style=\"width: 150.95pt; padding: 0cm 5.4pt 0cm 5.4pt;\" width=\"151\">\n<p class=\"MsoNormal\"><span lang=\"EN-US\">VanThang<\/span><\/p>\n<\/td>\n<\/tr>\n<tr style=\"mso-yfti-irow: 1; height: 15.85pt;\">\n<td style=\"width: 150.95pt; padding: 0cm 5.4pt 0cm 5.4pt; height: 15.85pt;\" width=\"151\">\n<p class=\"MsoNormal\"><span class=\"SpellE\"><span lang=\"EN-US\">Name:<\/span><\/span><\/p>\n<\/td>\n<td style=\"width: 150.95pt; padding: 0cm 5.4pt 0cm 5.4pt; height: 15.85pt;\" width=\"151\">\n<p class=\"MsoNormal\"><span class=\"SpellE\"><span lang=\"EN-US\">Nguyen<\/span><\/span><\/p>\n<\/td>\n<\/tr>\n<tr style=\"mso-yfti-irow: 2; height: 16.05pt;\">\n<td style=\"width: 150.95pt; padding: 0cm 5.4pt 0cm 5.4pt; height: 16.05pt;\" width=\"151\">\n<p class=\"MsoNormal\"><span class=\"SpellE\"><span lang=\"EN-US\">Practices since:<\/span><\/span><\/p>\n<\/td>\n<td style=\"width: 150.95pt; padding: 0cm 5.4pt 0cm 5.4pt; height: 16.05pt;\" width=\"151\">\n<p class=\"MsoNormal\"><span lang=\"EN-US\">1994<\/span><\/p>\n<\/td>\n<\/tr>\n<tr style=\"mso-yfti-irow: 3; mso-yfti-lastrow: yes; height: 13.25pt;\">\n<td style=\"width: 150.95pt; padding: 0cm 5.4pt 0cm 5.4pt; height: 13.25pt;\" width=\"151\">\n<p class=\"MsoNormal\">Rank:<\/p>\n<\/td>\n<td style=\"width: 150.95pt; padding: 0cm 5.4pt 0cm 5.4pt; height: 13.25pt;\" width=\"151\">\n<p class=\"MsoNormal\"><span lang=\"EN-US\">2.Dan<\/span><\/p>\n<\/td>\n<\/tr>\n<\/tbody>\n<\/table>\n<div id=\"c63\" class=\"csc-default\">\n<div class=\"csc-textpic csc-textpic-intext-left-nowrap\">\n<div class=\"csc-textpic-text\">\n<p class=\"bodytext\">Mitglied der technischen Kommission des AIKI-KAI Z\u00dcRICH<\/p>\n<\/div>\n<\/div>\n<\/div>\n<div id=\"c152\" class=\"csc-default\">\n<p class=\"bodytext\">Ich bin in Vietnam aufgewachsen und habe dort seit 1969 verschiedene Kampfk\u00fcnste studiert. Auf meinem sp\u00e4teren Budo-Weg ab 1974 habe ich mein Wissen \u00fcber das Aikido auch in anderen Aspekten vertieft, insbesondere im Bereich des Schwertes (Niponto). Gleichzeitig studierte ich Tai Chi und Qi Gong als begleitende Technik f\u00fcr den Atmungskreislauf. Ich finde, dass man mit Aikido &#8211; als eher defensive Kampfkunst und Weg zur Vereinigung von K\u00f6rper und Geist &#8211; seine Energie unter Kontrolle bringen kann und bewusst auf seinen Trainingspartner reagieren lernt.<br \/>\nNach meinem Umzug nach Malaysia im Jahr 1989 arbeitete ich dort als Kunst- und Tai Chi-Lehrer. In den fr\u00fchen Morgenstunden leitete ich eine Tai Chi- &amp; Aikido-Gruppe und war gleichzeitig als Mediziner in einem Programm der UNO bei High Commissioner Eric Gagnon in Kuala Lumpur t\u00e4tig. 1992 zog ich in die Schweiz und bin nun seit 1994 mit dem Aiki-Kai Z\u00fcrich auf meinem Aikido-Weg eng verbunden.<br \/>\nIm Aiki-Kai habe ich alle schon fr\u00fcher abgelegten Pr\u00fcfungen wiederholt und fand es dabei immer wieder lehrreich und interessant. Mittlerweile unterrichte ich \u00fcber Mittag, jeweils am Mittwoch, und ausserdem mache ich im Abendtraining bei Bruno mit. Auf den Matten und mit den Freunden im Aiki-Kai Z\u00fcrich f\u00fchle ich mich zu Hause und \u00fcbe gern in unserem Dojo bei allen Lehrern, die zu meinem Aikidoweg beitragen.<\/p>\n<\/div>\n<\/div>\n","protected":false},"excerpt":{"rendered":"<p>\u00a0 First name: VanThang Name: Nguyen Practices since: 1994 Rank: 2.Dan Mitglied der technischen Kommission des AIKI-KAI Z\u00dcRICH Ich bin in Vietnam aufgewachsen und habe dort seit 1969 verschiedene Kampfk\u00fcnste studiert. Auf meinem sp\u00e4teren Budo-Weg ab 1974 habe ich mein Wissen \u00fcber das Aikido auch in anderen Aspekten vertieft, insbesondere im Bereich des Schwertes (Niponto). &hellip; <\/p>\n<p class=\"link-more\"><a href=\"https:\/\/aikikai-test.ch\/?page_id=3828&#038;lang=en\" class=\"more-link\"><span class=\"screen-reader-text\">\u201eVanThang Nguyen\u201c <\/span>weiterlesen<\/a><\/p>\n","protected":false},"author":2,"featured_media":0,"parent":0,"menu_order":0,"comment_status":"closed","ping_status":"closed","template":"","meta":{"footnotes":""},"class_list":["post-3828","page","type-page","status-publish","hentry"],"_links":{"self":[{"href":"https:\/\/aikikai-test.ch\/index.php?rest_route=\/wp\/v2\/pages\/3828","targetHints":{"allow":["GET"]}}],"collection":[{"href":"https:\/\/aikikai-test.ch\/index.php?rest_route=\/wp\/v2\/pages"}],"about":[{"href":"https:\/\/aikikai-test.ch\/index.php?rest_route=\/wp\/v2\/types\/page"}],"author":[{"embeddable":true,"href":"https:\/\/aikikai-test.ch\/index.php?rest_route=\/wp\/v2\/users\/2"}],"replies":[{"embeddable":true,"href":"https:\/\/aikikai-test.ch\/index.php?rest_route=%2Fwp%2Fv2%2Fcomments&post=3828"}],"version-history":[{"count":3,"href":"https:\/\/aikikai-test.ch\/index.php?rest_route=\/wp\/v2\/pages\/3828\/revisions"}],"predecessor-version":[{"id":5402,"href":"https:\/\/aikikai-test.ch\/index.php?rest_route=\/wp\/v2\/pages\/3828\/revisions\/5402"}],"wp:attachment":[{"href":"https:\/\/aikikai-test.ch\/index.php?rest_route=%2Fwp%2Fv2%2Fmedia&parent=3828"}],"curies":[{"name":"wp","href":"https:\/\/api.w.org\/{rel}","templated":true}]}}