{"id":39,"date":"2017-03-03T14:39:19","date_gmt":"2017-03-03T14:39:19","guid":{"rendered":"https:\/\/aikiweb.micnet.ch\/?page_id=39"},"modified":"2017-08-04T19:13:19","modified_gmt":"2017-08-04T17:13:19","slug":"kinderkurse","status":"publish","type":"page","link":"https:\/\/aikikai-test.ch\/?page_id=39","title":{"rendered":"Kinderkurse"},"content":{"rendered":"<p class=\"p1\"><span class=\"s1\">Am <a href=\"\/stundenplan-2\/\"><span class=\"s2\">Mittwoch 16:00 &#8211; 17:15<\/span><\/a> f\u00fchren <a href=\"\/bruno-vollenweider\/\"><span class=\"s2\">Bruno<\/span><\/a> und <a href=\"\/barbla-frueh\/\"><span class=\"s2\">Barbla<\/span><\/a>\u00a0ein Training f\u00fcr Kinder ab 7 Jahren durch. Am besten schaust Du einfach mal vorbei.<\/span><\/p>\n<p class=\"p1\"><span class=\"s1\">Nachstehend findest Du einige\u00a0Texte und\u00a0Zeichnungen\u00a0von Teilnehmern \u00fcber Aikido.\u00a0 Bilder findest Du in unserer <a href=\"\/unser-dojo\/\"><span class=\"s2\">Fotogalerie<\/span><\/a>.<\/span><\/p>\n<p class=\"p1\"><span class=\"s1\"><b>Ma\u00edra<\/b><\/span><\/p>\n<p class=\"p4\"><span class=\"s1\">Hier im Aikido ist es ruhig. Hier schreit man nicht, man rennt nicht rum, und man schl\u00e4gt nicht. Aikido ist eins meiner Lieblingshobbies. Wir lernen Tricks und meistens spielen wir Spiele. Ein Spiel ist eine Art Fangis, einfach man rennt nicht, sondern man macht drei Schritte auf den Knien und dann eine Rolle. Du denkst jetzt bestimmt, dass eine Rolle ein anderer Name f\u00fcr Purzelbaum ist. Doch: Der Purzelbaum geht \u00fcber den Kopf und die Rolle \u00fcber den Arm. <\/span><\/p>\n<p class=\"p4\"><span class=\"s1\">Morihei Ueshiba hat AIKIDO gegr\u00fcndet. <\/span><\/p>\n<p class=\"p4\"><span class=\"s1\">Meistens machen wir am Schluss ein &#8222;Alle gegen Alle&#8220; mit den runden, weichen B\u00e4llen. Wenn jemand den anderen mit dem Ball getroffen hat, dann muss der Getroffene drei Rollen machen. Aber wenn man den Ball wirft und nicht trifft, muss man auch drei Rollen machen.<\/span><\/p>\n<p class=\"p4\"><span class=\"s1\">Alle Tricks haben Namen (wie z.B. Katatedori gyakuhanmi Kote gaeshi, Irimi nage &#8230;).<\/span><\/p>\n<p class=\"p5\"><span class=\"s2\">Am Anfang knien wir alle in einer Reihe und Bruno kniet vor uns. Wir sagen dann alle: &#8222;Onegaeshimas&#8220;. Am Schluss machen wir das gleiche, nur wir sagen: &#8222;Domo arigato goseimashta&#8220;. Ich finde AIKIDO sehr, sehr cool. \ud83d\ude42<\/span><\/p>\n<p class=\"p1\"><span class=\"s1\"><b>Marius<\/b><\/span><\/p>\n<p class=\"p4\"><span class=\"s2\">Aikido ist f\u00fcr mich das zu-mir-kommen, in-sich-kehren nach einer anstrengenden Woche am Freitag Abend. Meistens komme ich schon ziemlich ausgepowert ins Training. Obwohl das Training anstrengend ist bin ich danach zwar verschwitzt, aber voller Energie.<\/span><\/p>\n<p class=\"p1\"><span class=\"s1\"><b>Weitere Texte<\/b><\/span><\/p>\n<p class=\"p4\"><span class=\"s1\">Wir haben heute viel gemacht und viel gelernt mit allen Kindern.<\/span><\/p>\n<p class=\"p4\"><span class=\"s1\">Aikido ist ein Kampfsport. Wo man sich verteidigen kann vor schlimmen Schl\u00e4gen. Und es ist sehr cool. Und ich finde alles cool.<\/span><\/p>\n<p class=\"p4\"><span class=\"s1\">Aufpassen es ist anstrengend.<\/span><\/p>\n<p class=\"p4\"><span class=\"s1\">Was wir heute gemacht haben ist Aikido. Aikido macht Spass und lernen m\u00fcssen wir.<\/span><\/p>\n","protected":false},"excerpt":{"rendered":"<p>Am Mittwoch 16:00 &#8211; 17:15 f\u00fchren Bruno und Barbla\u00a0ein Training f\u00fcr Kinder ab 7 Jahren durch. Am besten schaust Du einfach mal vorbei. Nachstehend findest Du einige\u00a0Texte und\u00a0Zeichnungen\u00a0von Teilnehmern \u00fcber Aikido.\u00a0 Bilder findest Du in unserer Fotogalerie. Ma\u00edra Hier im Aikido ist es ruhig. Hier schreit man nicht, man rennt nicht rum, und man schl\u00e4gt &hellip; <\/p>\n<p class=\"link-more\"><a href=\"https:\/\/aikikai-test.ch\/?page_id=39\" class=\"more-link\"><span class=\"screen-reader-text\">\u201eKinderkurse\u201c <\/span>weiterlesen<\/a><\/p>\n","protected":false},"author":1,"featured_media":3727,"parent":0,"menu_order":0,"comment_status":"closed","ping_status":"closed","template":"","meta":{"footnotes":""},"class_list":["post-39","page","type-page","status-publish","has-post-thumbnail","hentry"],"_links":{"self":[{"href":"https:\/\/aikikai-test.ch\/index.php?rest_route=\/wp\/v2\/pages\/39","targetHints":{"allow":["GET"]}}],"collection":[{"href":"https:\/\/aikikai-test.ch\/index.php?rest_route=\/wp\/v2\/pages"}],"about":[{"href":"https:\/\/aikikai-test.ch\/index.php?rest_route=\/wp\/v2\/types\/page"}],"author":[{"embeddable":true,"href":"https:\/\/aikikai-test.ch\/index.php?rest_route=\/wp\/v2\/users\/1"}],"replies":[{"embeddable":true,"href":"https:\/\/aikikai-test.ch\/index.php?rest_route=%2Fwp%2Fv2%2Fcomments&post=39"}],"version-history":[{"count":6,"href":"https:\/\/aikikai-test.ch\/index.php?rest_route=\/wp\/v2\/pages\/39\/revisions"}],"predecessor-version":[{"id":3967,"href":"https:\/\/aikikai-test.ch\/index.php?rest_route=\/wp\/v2\/pages\/39\/revisions\/3967"}],"wp:featuredmedia":[{"embeddable":true,"href":"https:\/\/aikikai-test.ch\/index.php?rest_route=\/wp\/v2\/media\/3727"}],"wp:attachment":[{"href":"https:\/\/aikikai-test.ch\/index.php?rest_route=%2Fwp%2Fv2%2Fmedia&parent=39"}],"curies":[{"name":"wp","href":"https:\/\/api.w.org\/{rel}","templated":true}]}}