{"id":3914,"date":"2017-08-01T12:13:41","date_gmt":"2017-08-01T10:13:41","guid":{"rendered":"https:\/\/aikikai-test.ch\/?page_id=3914"},"modified":"2017-08-05T01:19:06","modified_gmt":"2017-08-04T23:19:06","slug":"children","status":"publish","type":"page","link":"https:\/\/aikikai-test.ch\/?page_id=3914&lang=en","title":{"rendered":"Children"},"content":{"rendered":"<p class=\"p1\"><span class=\"s2\">On <a href=\"\/classes\/?lang=en\">Wednesday<\/a> teaches <a href=\"\/bruno-vollenweider\/?lang=en\">Bruno<\/a><\/span>\u00a0and <a href=\"https:\/\/aikikai-test.ch\/barbla-frueh\/?lang=en\"><span class=\"s2\">Barbla<\/span><\/a>\u00a0 a class for children from 7 \u00a0 and above. \u00a0Come and look !<\/p>\n<p>Below are some quotes from our kid&#8217;s classes in german.<\/p>\n<p class=\"p1\"><span class=\"s1\"><b>Ma\u00edra<\/b><\/span><\/p>\n<p class=\"p4\"><span class=\"s1\">Hier im Aikido ist es ruhig. Hier schreit man nicht, man rennt nicht rum, und man schl\u00e4gt nicht. Aikido ist eins meiner Lieblingshobbies. Wir lernen Tricks und meistens spielen wir Spiele. Ein Spiel ist eine Art Fangis, einfach man rennt nicht, sondern man macht drei Schritte auf den Knien und dann eine Rolle. Du denkst jetzt bestimmt, dass eine Rolle ein anderer Name f\u00fcr Purzelbaum ist. Doch: Der Purzelbaum geht \u00fcber den Kopf und die Rolle \u00fcber den Arm. <\/span><\/p>\n<p class=\"p4\"><span class=\"s1\">Morihei Ueshiba hat AIKIDO gegr\u00fcndet. <\/span><\/p>\n<p class=\"p4\"><span class=\"s1\">Meistens machen wir am Schluss ein &#8222;Alle gegen Alle&#8220; mit den runden, weichen B\u00e4llen. Wenn jemand den anderen mit dem Ball getroffen hat, dann muss der Getroffene drei Rollen machen. Aber wenn man den Ball wirft und nicht trifft, muss man auch drei Rollen machen.<\/span><\/p>\n<p class=\"p4\"><span class=\"s1\">Alle Tricks haben Namen (wie z.B. Katatedori gyakuhanmi Kote gaeshi, Irimi nage &#8230;).<\/span><\/p>\n<p class=\"p5\"><span class=\"s2\">Am Anfang knien wir alle in einer Reihe und Bruno kniet vor uns. Wir sagen dann alle: &#8222;Onegaeshimas&#8220;. Am Schluss machen wir das gleiche, nur wir sagen: &#8222;Domo arigato goseimashta&#8220;. Ich finde AIKIDO sehr, sehr cool. \ud83d\ude42<\/span><\/p>\n<p class=\"p1\"><span class=\"s1\"><b>Marius<\/b><\/span><\/p>\n<p class=\"p4\"><span class=\"s2\">Aikido ist f\u00fcr mich das zu-mir-kommen, in-sich-kehren nach einer anstrengenden Woche am Freitag Abend. Meistens komme ich schon ziemlich ausgepowert ins Training. Obwohl das Training anstrengend ist bin ich danach zwar verschwitzt, aber voller Energie.<\/span><\/p>\n<p class=\"p1\"><span class=\"s1\"><b>Weitere Texte<\/b><\/span><\/p>\n<p class=\"p4\"><span class=\"s1\">Wir haben heute viel gemacht und viel gelernt mit allen Kindern.<\/span><\/p>\n<p class=\"p4\"><span class=\"s1\">Aikido ist ein Kampfsport. Wo man sich verteidigen kann vor schlimmen Schl\u00e4gen. Und es ist sehr cool. Und ich finde alles cool.<\/span><\/p>\n<p class=\"p4\"><span class=\"s1\">Aufpassen es ist anstrengend.<\/span><\/p>\n<p class=\"p4\"><span class=\"s1\">Was wir heute gemacht haben ist Aikido. Aikido macht Spass und lernen m\u00fcssen wir.<\/span><\/p>\n","protected":false},"excerpt":{"rendered":"<p>On Wednesday teaches Bruno\u00a0and Barbla\u00a0 a class for children from 7 \u00a0 and above. \u00a0Come and look ! Below are some quotes from our kid&#8217;s classes in german. Ma\u00edra Hier im Aikido ist es ruhig. Hier schreit man nicht, man rennt nicht rum, und man schl\u00e4gt nicht. Aikido ist eins meiner Lieblingshobbies. Wir lernen Tricks &hellip; <\/p>\n<p class=\"link-more\"><a href=\"https:\/\/aikikai-test.ch\/?page_id=3914&#038;lang=en\" class=\"more-link\"><span class=\"screen-reader-text\">\u201eChildren\u201c <\/span>weiterlesen<\/a><\/p>\n","protected":false},"author":2,"featured_media":3727,"parent":0,"menu_order":0,"comment_status":"closed","ping_status":"closed","template":"","meta":{"footnotes":""},"class_list":["post-3914","page","type-page","status-publish","has-post-thumbnail","hentry"],"_links":{"self":[{"href":"https:\/\/aikikai-test.ch\/index.php?rest_route=\/wp\/v2\/pages\/3914","targetHints":{"allow":["GET"]}}],"collection":[{"href":"https:\/\/aikikai-test.ch\/index.php?rest_route=\/wp\/v2\/pages"}],"about":[{"href":"https:\/\/aikikai-test.ch\/index.php?rest_route=\/wp\/v2\/types\/page"}],"author":[{"embeddable":true,"href":"https:\/\/aikikai-test.ch\/index.php?rest_route=\/wp\/v2\/users\/2"}],"replies":[{"embeddable":true,"href":"https:\/\/aikikai-test.ch\/index.php?rest_route=%2Fwp%2Fv2%2Fcomments&post=3914"}],"version-history":[{"count":5,"href":"https:\/\/aikikai-test.ch\/index.php?rest_route=\/wp\/v2\/pages\/3914\/revisions"}],"predecessor-version":[{"id":4001,"href":"https:\/\/aikikai-test.ch\/index.php?rest_route=\/wp\/v2\/pages\/3914\/revisions\/4001"}],"wp:featuredmedia":[{"embeddable":true,"href":"https:\/\/aikikai-test.ch\/index.php?rest_route=\/wp\/v2\/media\/3727"}],"wp:attachment":[{"href":"https:\/\/aikikai-test.ch\/index.php?rest_route=%2Fwp%2Fv2%2Fmedia&parent=3914"}],"curies":[{"name":"wp","href":"https:\/\/api.w.org\/{rel}","templated":true}]}}