{"id":40,"date":"2017-03-03T14:39:19","date_gmt":"2017-03-03T14:39:19","guid":{"rendered":"https:\/\/aikiweb.micnet.ch\/?page_id=40"},"modified":"2024-04-20T14:53:08","modified_gmt":"2024-04-20T12:53:08","slug":"presie","status":"publish","type":"page","link":"https:\/\/aikikai-test.ch\/?page_id=40","title":{"rendered":"Preise"},"content":{"rendered":"<p class=\"p1\"><strong>Fr. 170.&#8211; (erm\u00e4ssigt 120.&#8211;) Einf\u00fchrungskurs 2 Monate mit Trainings-Gi inklusive.<br \/>\noder<br \/>\nFr.170.&#8211; (erm\u00e4ssigt 120.&#8211;) Einf\u00fchrungskurs 3 Monate ohne Trainings-Gi.<br \/>\n<\/strong><strong>Probelektion ist gratis.<\/strong><\/p>\n<p class=\"p4\"><span class=\"s1\"><b>Fr. 90.&#8211; \u00a0 \u00a0 regul\u00e4rer monatlicher Beitrag f\u00fcr Clubmitglieder<\/b><\/span><\/p>\n<p class=\"p4\"><span class=\"s1\">\u00a0<\/span><span class=\"s1\">Spezielle Monatsgeb\u00fchren<\/span><\/p>\n<p class=\"p4\"><span class=\"s1\">Fr. 50.&#8211;\u00a0\u00a0\u00a0\u00a0\u00a0\u00a0 f\u00fcr Studenten, Lehrlinge&#8230;<br \/>\n<\/span><span class=\"s1\">Fr. 35.&#8211;\u00a0\u00a0\u00a0\u00a0\u00a0\u00a0 f\u00fcr Kinder<br \/>\n<\/span><span class=\"s1\">Fr. 20.&#8211;\u00a0\u00a0\u00a0\u00a0\u00a0\u00a0 Passivmitgliedschaft<br \/>\n<\/span><span class=\"s1\">Fr. 20.&#8211;\u00a0\u00a0\u00a0\u00a0\u00a0\u00a0 Einzellektion f\u00fcr G\u00e4ste<\/span><\/p>\n<p><img fetchpriority=\"high\" decoding=\"async\" class=\"alignnone  wp-image-5924\" src=\"https:\/\/aikikai-test.ch\/wp-content\/uploads\/2024\/04\/Aikikai001-1024x557.jpg\" alt=\"\" width=\"666\" height=\"363\" srcset=\"https:\/\/aikikai-test.ch\/wp-content\/uploads\/2024\/04\/Aikikai001-1024x557.jpg 1024w, https:\/\/aikikai-test.ch\/wp-content\/uploads\/2024\/04\/Aikikai001-300x163.jpg 300w, https:\/\/aikikai-test.ch\/wp-content\/uploads\/2024\/04\/Aikikai001-768x417.jpg 768w, https:\/\/aikikai-test.ch\/wp-content\/uploads\/2024\/04\/Aikikai001-1536x835.jpg 1536w, https:\/\/aikikai-test.ch\/wp-content\/uploads\/2024\/04\/Aikikai001-2048x1113.jpg 2048w\" sizes=\"(max-width: 666px) 100vw, 666px\" \/><\/p>\n<p class=\"p4\"><span class=\"s1\">Die Unfallversicherung ist Sache der Trainierenden.<br \/>\n<\/span><span class=\"s2\">F\u00fcr Diebst\u00e4hle wird nicht gehaftet.<\/span><\/p>\n<p class=\"p4\">\n","protected":false},"excerpt":{"rendered":"<p>Fr. 170.&#8211; (erm\u00e4ssigt 120.&#8211;) Einf\u00fchrungskurs 2 Monate mit Trainings-Gi inklusive. oder Fr.170.&#8211; (erm\u00e4ssigt 120.&#8211;) Einf\u00fchrungskurs 3 Monate ohne Trainings-Gi. Probelektion ist gratis. Fr. 90.&#8211; \u00a0 \u00a0 regul\u00e4rer monatlicher Beitrag f\u00fcr Clubmitglieder \u00a0Spezielle Monatsgeb\u00fchren Fr. 50.&#8211;\u00a0\u00a0\u00a0\u00a0\u00a0\u00a0 f\u00fcr Studenten, Lehrlinge&#8230; Fr. 35.&#8211;\u00a0\u00a0\u00a0\u00a0\u00a0\u00a0 f\u00fcr Kinder Fr. 20.&#8211;\u00a0\u00a0\u00a0\u00a0\u00a0\u00a0 Passivmitgliedschaft Fr. 20.&#8211;\u00a0\u00a0\u00a0\u00a0\u00a0\u00a0 Einzellektion f\u00fcr G\u00e4ste Die Unfallversicherung ist Sache der &hellip; <\/p>\n<p class=\"link-more\"><a href=\"https:\/\/aikikai-test.ch\/?page_id=40\" class=\"more-link\"><span class=\"screen-reader-text\">\u201ePreise\u201c <\/span>weiterlesen<\/a><\/p>\n","protected":false},"author":1,"featured_media":74,"parent":0,"menu_order":0,"comment_status":"closed","ping_status":"closed","template":"","meta":{"footnotes":""},"class_list":["post-40","page","type-page","status-publish","has-post-thumbnail","hentry"],"_links":{"self":[{"href":"https:\/\/aikikai-test.ch\/index.php?rest_route=\/wp\/v2\/pages\/40","targetHints":{"allow":["GET"]}}],"collection":[{"href":"https:\/\/aikikai-test.ch\/index.php?rest_route=\/wp\/v2\/pages"}],"about":[{"href":"https:\/\/aikikai-test.ch\/index.php?rest_route=\/wp\/v2\/types\/page"}],"author":[{"embeddable":true,"href":"https:\/\/aikikai-test.ch\/index.php?rest_route=\/wp\/v2\/users\/1"}],"replies":[{"embeddable":true,"href":"https:\/\/aikikai-test.ch\/index.php?rest_route=%2Fwp%2Fv2%2Fcomments&post=40"}],"version-history":[{"count":4,"href":"https:\/\/aikikai-test.ch\/index.php?rest_route=\/wp\/v2\/pages\/40\/revisions"}],"predecessor-version":[{"id":5931,"href":"https:\/\/aikikai-test.ch\/index.php?rest_route=\/wp\/v2\/pages\/40\/revisions\/5931"}],"wp:featuredmedia":[{"embeddable":true,"href":"https:\/\/aikikai-test.ch\/index.php?rest_route=\/"}],"wp:attachment":[{"href":"https:\/\/aikikai-test.ch\/index.php?rest_route=%2Fwp%2Fv2%2Fmedia&parent=40"}],"curies":[{"name":"wp","href":"https:\/\/api.w.org\/{rel}","templated":true}]}}