{"id":4936,"date":"2019-10-18T15:58:34","date_gmt":"2019-10-18T13:58:34","guid":{"rendered":"https:\/\/aikikai-test.ch\/?page_id=4936"},"modified":"2019-10-18T15:58:36","modified_gmt":"2019-10-18T13:58:36","slug":"kyu-pruefungsprogram","status":"publish","type":"page","link":"https:\/\/aikikai-test.ch\/?page_id=4936","title":{"rendered":"Kyu Pr\u00fcfungsprogram"},"content":{"rendered":"\n<p>6.- 1. Kyu Pr\u00fcfungsprogram des Aiki-Kai Z\u00fcrich. <a href=\"\/wp-admin\/admin-ajax.php?cdm-download-file-id=NTR8MjAxNy0wOC0xMiAxNTo1NDozNHwxMi0wOC0yMDE3LWt5dXBydWVmdW5nc3Byb2dyYW1tLnBkZg==\">Hier gehts zum PDF<\/a>.<br>Und die <a href=\"\/wp-admin\/admin-ajax.php?cdm-download-file-id=NTN8MjAxNy0wOC0xMiAxNTo1Mzo1NXwxMi0wOC0yMDE3LXBydWVmdW5nc2dydW5kc2FldHplXzAxLnBkZg==\">Pr\u00fcfungsgrunds\u00e4tze<\/a>.<\/p>\n\n\n<div class=\"wonderplugingallery-container\" id=\"wonderplugingallery-container-54\" style=\"max-width:960px;margin:0 auto;\"><div class=\"wonderplugingallery\" id=\"wonderplugingallery-54\" data-galleryid=\"54\" data-width=\"960\" data-height=\"540\" data-skin=\"showcase\" data-playsinline=\"false\" data-mutevideo=\"false\" data-random=\"false\" data-autoslide=\"false\" data-autoplayvideo=\"false\" data-schemamarkup=\"false\" data-stopallplaying=\"false\" data-reloadonvideoend=\"false\" data-donotuseposter=\"false\" data-enabletabindex=\"false\" data-loadnextonvideoend=\"false\" data-hidetitlewhenvideoisplaying=\"false\" data-disablehovereventontouch=\"false\" data-autoslideandplayafterfirstplayed=\"false\" data-html5player=\"true\" data-responsive=\"true\" data-fullwidth=\"false\" data-showtitle=\"true\" data-showdescription=\"false\" data-showplaybutton=\"true\" data-showfullscreenbutton=\"true\" data-showtimer=\"true\" data-showcarousel=\"true\" data-galleryshadow=\"false\" data-slideshadow=\"false\" data-thumbshowtitle=\"true\" data-thumbshadow=\"false\" data-lightboxshowtitle=\"true\" data-lightboxshowdescription=\"true\" data-specifyid=\"true\" data-donotinit=\"false\" data-addinitscript=\"false\" data-triggerresize=\"false\" data-thumbcolumnsresponsive=\"false\" data-showimgtitle=\"false\" data-titlesmallscreen=\"false\" data-initsocial=\"true\" data-showsocial=\"false\" data-showemail=\"false\" data-showfacebook=\"true\" data-showtwitter=\"true\" data-showpinterest=\"true\" data-socialrotateeffect=\"true\" data-doshortcodeontext=\"false\" data-loop=\"0\" data-duration=\"1500\" data-slideduration=\"1000\" data-slideshowinterval=\"6000\" data-googleanalyticsaccount=\"\" data-resizemode=\"fill\" data-imagetoolboxmode=\"mouseover\" data-effect=\"fade\" data-padding=\"12\" data-bgcolor=\"#444444\" data-bgimage=\"background.jpg\" data-thumbwidth=\"148\" data-thumbheight=\"60\" data-thumbgap=\"8\" data-thumbrowgap=\"16\" data-lightboxtextheight=\"72\" data-lightboxtitlecss=\"{color:#333333; font:bold 12px Arial,Helvetica,sans-serif; overflow:hidden; white-space:normal; line-height:18px;}\" data-lightboxdescriptioncss=\"{color:#333333; font:normal 12px Arial,Helvetica,sans-serif; overflow:hidden; white-space:normal; line-height:14px;}\" data-titlecss=\"{color:#ffffff; font-size:16px; font-family:Armata, sans-serif, Arial; overflow:hidden; white-space:normal; text-align:left; padding:10px 0px;}\" data-descriptioncss=\"{color:#ffffff; font-size:12px; font-family:Armata, sans-serif, Arial; overflow:hidden; white-space:normal; text-align:left; padding:0px 0px 10px 0px;}\" data-titleheight=\"72\" data-titlesmallscreenwidth=\"640\" data-titleheightsmallscreen=\"148\" data-socialmode=\"mouseover\" data-socialposition=\"position:absolute;top:8px;right:8px;\" data-socialpositionlightbox=\"position:absolute;top:8px;right:8px;\" data-socialdirection=\"horizontal\" data-socialbuttonsize=\"32\" data-socialbuttonfontsize=\"18\" data-defaultvideovolume=\"1\" data-thumbtitleheight=\"24\" data-thumbmediumtitleheight=\"48\" data-thumbsmalltitleheight=\"72\" data-triggerresizedelay=\"100\" data-thumbmediumsize=\"800\" data-thumbsmallsize=\"480\" data-thumbmediumwidth=\"64\" data-thumbmediumheight=\"64\" data-thumbsmallwidth=\"48\" data-thumbsmallheight=\"48\" data-imgtitle=\"title\" data-jsfolder=\"https:\/\/aikikai-test.ch\/wp-content\/plugins\/wonderplugin-gallery\/engine\/\" style=\"display:none;\" ><a class=\"html5galleryimglink\" href=\"https:\/\/www.youtube.com\/embed\/6TzMnvcZVTM\" data-poster=\"\/wp-content\/uploads\/2019\/11\/Logo-Aikikai-600x480.png\"><img decoding=\"async\" class=\"html5galleryimg html5gallery-tn-image\" src=\"\/wp-content\/uploads\/2019\/11\/Logo-Aikikai-600x480-150x150.png\" alt=\"Aiki-kai Z\u00fcrich Kyu Pr\u00fcfungsprorgam\"><\/a><div class=\"html5gallery-info\"><div class=\"html5gallery-title\">Aiki-kai Z\u00fcrich Kyu Pr\u00fcfungsprorgam<\/div><\/div><a class=\"html5galleryimglink\" href=\"https:\/\/www.youtube.com\/embed\/teQZsxX_ubQ\" data-poster=\"https:\/\/img.youtube.com\/vi\/teQZsxX_ubQ\/0.jpg\"><img decoding=\"async\" class=\"html5galleryimg html5gallery-tn-image\" src=\"https:\/\/img.youtube.com\/vi\/teQZsxX_ubQ\/0.jpg\" alt=\"Kyu Pr\u00fcfungsprogram - 6.Kyu\" data-description=\"Kyu Pr\u00fcfungsprogram - 6.Kyu\"><\/a><div class=\"html5gallery-info\"><div class=\"html5gallery-title\">Kyu Pr\u00fcfungsprogram - 6.Kyu<\/div><div class=\"html5gallery-description\">Kyu Pr\u00fcfungsprogram - 6.Kyu<\/div><\/div><a class=\"html5galleryimglink\" href=\"https:\/\/www.youtube.com\/embed\/gtKov_FEO0o\" data-poster=\"https:\/\/img.youtube.com\/vi\/gtKov_FEO0o\/0.jpg\"><img decoding=\"async\" class=\"html5galleryimg html5gallery-tn-image\" src=\"https:\/\/img.youtube.com\/vi\/gtKov_FEO0o\/0.jpg\" alt=\"Kyu Pr\u00fcfungsprogram - 5.Kyu\" data-description=\"Kyu Pr\u00fcfungsprogram - 5.Kyu\"><\/a><div class=\"html5gallery-info\"><div class=\"html5gallery-title\">Kyu Pr\u00fcfungsprogram - 5.Kyu<\/div><div class=\"html5gallery-description\">Kyu Pr\u00fcfungsprogram - 5.Kyu<\/div><\/div><a class=\"html5galleryimglink\" href=\"https:\/\/www.youtube.com\/embed\/iLlWTa8Ne_c\" data-poster=\"https:\/\/img.youtube.com\/vi\/iLlWTa8Ne_c\/0.jpg\"><img decoding=\"async\" class=\"html5galleryimg html5gallery-tn-image\" src=\"https:\/\/img.youtube.com\/vi\/iLlWTa8Ne_c\/0.jpg\" alt=\"Kyu Pr\u00fcfungsprogram - 4.Kyu\" data-description=\"Kyu Pr\u00fcfungsprogram - 4.Kyu\"><\/a><div class=\"html5gallery-info\"><div class=\"html5gallery-title\">Kyu Pr\u00fcfungsprogram - 4.Kyu<\/div><div class=\"html5gallery-description\">Kyu Pr\u00fcfungsprogram - 4.Kyu<\/div><\/div><a class=\"html5galleryimglink\" href=\"https:\/\/www.youtube.com\/embed\/WomudcslRuQ\" data-poster=\"https:\/\/img.youtube.com\/vi\/WomudcslRuQ\/0.jpg\"><img decoding=\"async\" class=\"html5galleryimg html5gallery-tn-image\" src=\"https:\/\/img.youtube.com\/vi\/WomudcslRuQ\/0.jpg\" alt=\"Kyu Pr\u00fcfungsprogram - 3.Kyu\" data-description=\"Kyu Pr\u00fcfungsprogram - 3.Kyu\"><\/a><div class=\"html5gallery-info\"><div class=\"html5gallery-title\">Kyu Pr\u00fcfungsprogram - 3.Kyu<\/div><div class=\"html5gallery-description\">Kyu Pr\u00fcfungsprogram - 3.Kyu<\/div><\/div><a class=\"html5galleryimglink\" href=\"https:\/\/www.youtube.com\/embed\/dHqlgznaeys\" data-poster=\"https:\/\/img.youtube.com\/vi\/dHqlgznaeys\/0.jpg\"><img decoding=\"async\" class=\"html5galleryimg html5gallery-tn-image\" src=\"https:\/\/img.youtube.com\/vi\/dHqlgznaeys\/0.jpg\" alt=\"Kyu Pr\u00fcfungsprogram - 2.Kyu Teil 1\" data-description=\"Kyu Pr\u00fcfungsprogram - 2.Kyu Teil 1\"><\/a><div class=\"html5gallery-info\"><div class=\"html5gallery-title\">Kyu Pr\u00fcfungsprogram - 2.Kyu Teil 1<\/div><div class=\"html5gallery-description\">Kyu Pr\u00fcfungsprogram - 2.Kyu Teil 1<\/div><\/div><a class=\"html5galleryimglink\" href=\"https:\/\/www.youtube.com\/embed\/wLkD2NeFY1w\" data-poster=\"https:\/\/img.youtube.com\/vi\/wLkD2NeFY1w\/0.jpg\"><img decoding=\"async\" class=\"html5galleryimg html5gallery-tn-image\" src=\"https:\/\/img.youtube.com\/vi\/wLkD2NeFY1w\/0.jpg\" alt=\"Kyu Pr\u00fcfungsprogram - 2.Kyu Teil 2\" data-description=\"Kyu Pr\u00fcfungsprogram - 2.Kyu Teil 2\"><\/a><div class=\"html5gallery-info\"><div class=\"html5gallery-title\">Kyu Pr\u00fcfungsprogram - 2.Kyu Teil 2<\/div><div class=\"html5gallery-description\">Kyu Pr\u00fcfungsprogram - 2.Kyu Teil 2<\/div><\/div><a class=\"html5galleryimglink\" href=\"https:\/\/www.youtube.com\/embed\/NjdLL-Nyi9Q\" data-poster=\"https:\/\/img.youtube.com\/vi\/NjdLL-Nyi9Q\/0.jpg\"><img decoding=\"async\" class=\"html5galleryimg html5gallery-tn-image\" src=\"https:\/\/img.youtube.com\/vi\/NjdLL-Nyi9Q\/0.jpg\" alt=\"Kyu Pr\u00fcfungsprogram - 1.Kyu Teil 1\" data-description=\"Kyu Pr\u00fcfungsprogram - 1.Kyu Teil 1\"><\/a><div class=\"html5gallery-info\"><div class=\"html5gallery-title\">Kyu Pr\u00fcfungsprogram - 1.Kyu Teil 1<\/div><div class=\"html5gallery-description\">Kyu Pr\u00fcfungsprogram - 1.Kyu Teil 1<\/div><\/div><a class=\"html5galleryimglink\" href=\"https:\/\/www.youtube.com\/embed\/3_DPWagYjdo\" data-poster=\"https:\/\/img.youtube.com\/vi\/3_DPWagYjdo\/0.jpg\"><img decoding=\"async\" class=\"html5galleryimg html5gallery-tn-image\" src=\"https:\/\/img.youtube.com\/vi\/3_DPWagYjdo\/0.jpg\" alt=\"Kyu Pr\u00fcfungsprogram - 1.Kyu Teil 2\" data-description=\"Kyu Pr\u00fcfungsprogram - 1.Kyu Teil 2\"><\/a><div class=\"html5gallery-info\"><div class=\"html5gallery-title\">Kyu Pr\u00fcfungsprogram - 1.Kyu Teil 2<\/div><div class=\"html5gallery-description\">Kyu Pr\u00fcfungsprogram - 1.Kyu Teil 2<\/div><\/div><a class=\"html5galleryimglink\" href=\"https:\/\/www.youtube.com\/embed\/UYrhEtVhiWk\" data-poster=\"https:\/\/img.youtube.com\/vi\/UYrhEtVhiWk\/0.jpg\"><img decoding=\"async\" class=\"html5galleryimg html5gallery-tn-image\" src=\"https:\/\/img.youtube.com\/vi\/UYrhEtVhiWk\/0.jpg\" alt=\"Kyu Pr\u00fcfungsprogram - Angriff\" data-description=\"Verschiedene Angriffe aus dem Pr\u00fcfungsprogram\"><\/a><div class=\"html5gallery-info\"><div class=\"html5gallery-title\">Kyu Pr\u00fcfungsprogram - Angriff<\/div><div class=\"html5gallery-description\">Verschiedene Angriffe aus dem Pr\u00fcfungsprogram<\/div><\/div><a class=\"html5galleryimglink\" href=\"https:\/\/www.youtube.com\/embed\/jGYBwsV9qrw\" data-poster=\"https:\/\/img.youtube.com\/vi\/jGYBwsV9qrw\/0.jpg\"><img decoding=\"async\" class=\"html5galleryimg html5gallery-tn-image\" src=\"https:\/\/img.youtube.com\/vi\/jGYBwsV9qrw\/0.jpg\" alt=\"Kyu Pr\u00fcfungsprogram - Ukemi\" data-description=\"Verschiedene Roll- und Falltechniken aus dem Pr\u00fcfungsprogram\"><\/a><div class=\"html5gallery-info\"><div class=\"html5gallery-title\">Kyu Pr\u00fcfungsprogram - Ukemi<\/div><div class=\"html5gallery-description\">Verschiedene Roll- und Falltechniken aus dem Pr\u00fcfungsprogram<\/div><\/div><a class=\"html5galleryimglink\" href=\"https:\/\/www.youtube.com\/embed\/UFpAyYoRM80\" data-poster=\"https:\/\/img.youtube.com\/vi\/UFpAyYoRM80\/0.jpg\"><img decoding=\"async\" class=\"html5galleryimg html5gallery-tn-image\" src=\"https:\/\/img.youtube.com\/vi\/UFpAyYoRM80\/0.jpg\" alt=\"Kyu Pr\u00fcfungsprogram - Tai Sabaki\" data-description=\"Kyu Pr\u00fcfungsprogram - Tai Sabaki\"><\/a><div class=\"html5gallery-info\"><div class=\"html5gallery-title\">Kyu Pr\u00fcfungsprogram - Tai Sabaki<\/div><div class=\"html5gallery-description\">Kyu Pr\u00fcfungsprogram - Tai Sabaki<\/div><\/div><a class=\"html5galleryimglink\" href=\"https:\/\/www.youtube.com\/embed\/PaxlSfo202U\" data-poster=\"https:\/\/img.youtube.com\/vi\/PaxlSfo202U\/0.jpg\"><img decoding=\"async\" class=\"html5galleryimg html5gallery-tn-image\" src=\"https:\/\/img.youtube.com\/vi\/PaxlSfo202U\/0.jpg\" alt=\"Kyu Pr\u00fcfungsprogram - Shiko\" data-description=\"Kyu Pr\u00fcfungsprogram - Shiko\"><\/a><div class=\"html5gallery-info\"><div class=\"html5gallery-title\">Kyu Pr\u00fcfungsprogram - Shiko<\/div><div class=\"html5gallery-description\">Kyu Pr\u00fcfungsprogram - Shiko<\/div><\/div><a class=\"html5galleryimglink\" href=\"https:\/\/www.youtube.com\/embed\/HZBOQWqVAYI\" data-poster=\"https:\/\/img.youtube.com\/vi\/HZBOQWqVAYI\/0.jpg\"><img decoding=\"async\" class=\"html5galleryimg html5gallery-tn-image\" src=\"https:\/\/img.youtube.com\/vi\/HZBOQWqVAYI\/0.jpg\" alt=\"Kyu Pr\u00fcfungsprogram - Kokyuho\" data-description=\"Kyu Pr\u00fcfungsprogram - Kokyuho\"><\/a><div class=\"html5gallery-info\"><div class=\"html5gallery-title\">Kyu Pr\u00fcfungsprogram - Kokyuho<\/div><div class=\"html5gallery-description\">Kyu Pr\u00fcfungsprogram - Kokyuho<\/div><\/div><a class=\"html5galleryimglink\" href=\"https:\/\/www.youtube.com\/embed\/_iFz7cfT1Lg\" data-poster=\"https:\/\/img.youtube.com\/vi\/_iFz7cfT1Lg\/0.jpg\"><img decoding=\"async\" class=\"html5galleryimg html5gallery-tn-image\" src=\"https:\/\/img.youtube.com\/vi\/_iFz7cfT1Lg\/0.jpg\" alt=\"Kyu Pr\u00fcfungsprogram - Abspann\" data-description=\"Kyu Pr\u00fcfungsprogram - Abspann\"><\/a><div class=\"html5gallery-info\"><div class=\"html5gallery-title\">Kyu Pr\u00fcfungsprogram - Abspann<\/div><div class=\"html5gallery-description\">Kyu Pr\u00fcfungsprogram - Abspann<\/div><\/div><\/div><\/div>\n","protected":false},"excerpt":{"rendered":"<p>6.- 1. Kyu Pr\u00fcfungsprogram des Aiki-Kai Z\u00fcrich. Hier gehts zum PDF.Und die Pr\u00fcfungsgrunds\u00e4tze.<\/p>\n","protected":false},"author":2,"featured_media":0,"parent":0,"menu_order":0,"comment_status":"closed","ping_status":"closed","template":"","meta":{"footnotes":""},"class_list":["post-4936","page","type-page","status-publish","hentry"],"_links":{"self":[{"href":"https:\/\/aikikai-test.ch\/index.php?rest_route=\/wp\/v2\/pages\/4936","targetHints":{"allow":["GET"]}}],"collection":[{"href":"https:\/\/aikikai-test.ch\/index.php?rest_route=\/wp\/v2\/pages"}],"about":[{"href":"https:\/\/aikikai-test.ch\/index.php?rest_route=\/wp\/v2\/types\/page"}],"author":[{"embeddable":true,"href":"https:\/\/aikikai-test.ch\/index.php?rest_route=\/wp\/v2\/users\/2"}],"replies":[{"embeddable":true,"href":"https:\/\/aikikai-test.ch\/index.php?rest_route=%2Fwp%2Fv2%2Fcomments&post=4936"}],"version-history":[{"count":4,"href":"https:\/\/aikikai-test.ch\/index.php?rest_route=\/wp\/v2\/pages\/4936\/revisions"}],"predecessor-version":[{"id":4940,"href":"https:\/\/aikikai-test.ch\/index.php?rest_route=\/wp\/v2\/pages\/4936\/revisions\/4940"}],"wp:attachment":[{"href":"https:\/\/aikikai-test.ch\/index.php?rest_route=%2Fwp%2Fv2%2Fmedia&parent=4936"}],"curies":[{"name":"wp","href":"https:\/\/api.w.org\/{rel}","templated":true}]}}