{"id":9,"date":"2017-03-03T14:09:37","date_gmt":"2017-03-03T14:09:37","guid":{"rendered":"https:\/\/aikiweb.micnet.ch\/?page_id=9"},"modified":"2024-08-01T12:44:30","modified_gmt":"2024-08-01T10:44:30","slug":"contact","status":"publish","type":"page","link":"https:\/\/aikikai-test.ch\/?page_id=9","title":{"rendered":"Kontakt"},"content":{"rendered":"<p class=\"p1\">AIKI-KAI Z\u00fcrich<\/p>\n<p class=\"p1\"><span class=\"s1\">Bernerstrasse Nord 182<br \/>\n<\/span><span class=\"s1\">8064 Z\u00fcrich.<br \/>\n<\/span><span class=\"s1\">Tel: +41 44 272 54 34 von 17:30 &#8211; 21:15 Uhr. <\/span><\/p>\n<p class=\"p3\"><span class=\"s1\"><a href=\"https:\/\/aikikai-test.ch\">www.aikikai-zuerich.ch<br \/>\n<\/a><\/span><span class=\"s1\"><a href=\"mailto:info@aikikai-test.ch\">info@aikikai-test.ch<\/a><\/span><\/p>\n<p class=\"p1\"><span class=\"s2\"><b><br \/>\n<\/b><\/span><span class=\"s1\"><b>Haftungshinweis<\/b><\/span><\/p>\n<p class=\"p1\"><span class=\"s1\">Trotz sorgf\u00e4ltiger inhaltlicher Kontrolle \u00fcbernehmen wir keine Haftung f\u00fcr die Inhalte externer Links. F\u00fcr den Inhalt der verlinkten Seiten sind ausschliesslich deren Betreiber verantwortlich. <\/span><\/p>\n<p><strong>Kontakt Vorstand<br \/>\n<\/strong><\/p>\n<div>Pr\u00e4sident: Dani Perruchoud<\/div>\n<div><a href=\"mailto:daniel.perruchoud@aikikai-test.ch\" target=\"_blank\" rel=\"noreferrer nofollow noopener\">daniel.perruchoud@aikikai-test.ch<\/a><\/div>\n<div><\/div>\n<div>Aktuar: Yves Ebn\u00f6ther<\/div>\n<div><a href=\"mailto:yves.ebnoether@aikikai-test.ch\" target=\"_blank\" rel=\"noreferrer nofollow noopener\">yves.ebnoether@aikikai-test.ch<\/a><\/div>\n<div><\/div>\n<div>Mitgliederwesen: Marc Z\u00fcrcher<\/div>\n<div><a href=\"mailto:marc.zuercher@aikikai-test.ch\" target=\"_blank\" rel=\"noreferrer nofollow noopener\">marc.zuercher@aikikai-test.ch<\/a><\/div>\n<div><\/div>\n<div>Dojo: Jean Philippe Gross<\/div>\n<div><a href=\"mailto:jeanphilippe.gross@aikikai-test.ch\" target=\"_blank\" rel=\"noreferrer nofollow noopener\">jeanphilippe.gross@aikikai-test.ch<\/a><\/div>\n<div><\/div>\n<div>Kassier: Michi Graber<\/div>\n<div><a href=\"mailto:michael.graber@aikikai-test.ch\" target=\"_blank\" rel=\"noreferrer nofollow noopener\">michael.graber@aikikai-test.ch<\/a><\/div>\n<p><strong>\u00a0<\/strong><\/p>\n<p class=\"p1\"><span class=\"s1\"><b>Webmaster<\/b><\/span><\/p>\n<table class=\"t1\" cellspacing=\"0\" cellpadding=\"0\">\n<tbody>\n<tr>\n<td class=\"td1\" valign=\"top\">\n<p class=\"p3\"><a href=\"mailto:webadmin@aikikai-test.ch\">Michael M\u00fcller<\/a><\/p>\n<\/td>\n<td class=\"td2\" valign=\"top\">\n<p class=\"p1\"><span class=\"s1\">\u00a0<\/span><\/p>\n<\/td>\n<\/tr>\n<tr>\n<td class=\"td2\" valign=\"top\"><strong>Feedback welcome!\u00a0<\/strong><br \/>\n<a href=\"\/feedback\/\"><img decoding=\"async\" class=\"alignnone size-medium wp-image-4009\" src=\"https:\/\/aikikai-test.ch\/wp-content\/uploads\/2017\/03\/feedback-300x89.gif\" alt=\"\" width=\"300\" height=\"89\" \/><\/a><\/td>\n<\/tr>\n<\/tbody>\n<\/table>\n<p><strong>Photo Credits:<br \/>\n<\/strong>Pedro Nunez, <a href=\"https:\/\/nunezpedro.com\">nunezpedro.com<\/a><br \/>\nClaude Hofer + Urheberrecht<\/p>\n<p class=\"p1\"><span class=\"s1\">Nicht zu vergessen all die fleissigen weiteren Helfer.<\/span><\/p>\n<p><strong>Sponsors<br \/>\n<\/strong>Vielen Dank an WPML f\u00fcr Ihre Unterst\u00fctzung f\u00fcr Non-Profit Organisationen<br \/>\n<a href=\"https:\/\/wpml.org\/\"><img decoding=\"async\" class=\"alignnone size-full wp-image-4011\" src=\"https:\/\/aikikai-test.ch\/wp-content\/uploads\/2017\/03\/wpml_logo.png\" alt=\"\" width=\"265\" height=\"101\" \/><\/a><\/p>\n<p class=\"p1\"><span class=\"s1\"><b>Marken- und Warenzeichen<br \/>\n<\/b><\/span><span class=\"s1\">Alle genannten und gezeigten Marken- oder Warenzeichen sind eingetragene Marken oder eingetragene Warenzeichen ihrer jeweiligen Eigent\u00fcmer. Marken- oder Warenzeichen wurden in der Regel nicht als solche kenntlich gemacht. Das Fehlen einer solchen Kennzeichnung bedeutet nicht, dass es sich um einen freien Namen im Sinne des Waren- und Markenzeichenrechts handelt. <\/span><\/p>\n","protected":false},"excerpt":{"rendered":"<p>AIKI-KAI Z\u00fcrich Bernerstrasse Nord 182 8064 Z\u00fcrich. Tel: +41 44 272 54 34 von 17:30 &#8211; 21:15 Uhr. www.aikikai-zuerich.ch info@aikikai-test.ch Haftungshinweis Trotz sorgf\u00e4ltiger inhaltlicher Kontrolle \u00fcbernehmen wir keine Haftung f\u00fcr die Inhalte externer Links. F\u00fcr den Inhalt der verlinkten Seiten sind ausschliesslich deren Betreiber verantwortlich. Kontakt Vorstand Pr\u00e4sident: Dani Perruchoud daniel.perruchoud@aikikai-test.ch Aktuar: Yves Ebn\u00f6ther yves.ebnoether@aikikai-test.ch &hellip; <\/p>\n<p class=\"link-more\"><a href=\"https:\/\/aikikai-test.ch\/?page_id=9\" class=\"more-link\"><span class=\"screen-reader-text\">\u201eKontakt\u201c <\/span>weiterlesen<\/a><\/p>\n","protected":false},"author":1,"featured_media":86,"parent":0,"menu_order":0,"comment_status":"closed","ping_status":"closed","template":"","meta":{"footnotes":""},"class_list":["post-9","page","type-page","status-publish","has-post-thumbnail","hentry"],"_links":{"self":[{"href":"https:\/\/aikikai-test.ch\/index.php?rest_route=\/wp\/v2\/pages\/9","targetHints":{"allow":["GET"]}}],"collection":[{"href":"https:\/\/aikikai-test.ch\/index.php?rest_route=\/wp\/v2\/pages"}],"about":[{"href":"https:\/\/aikikai-test.ch\/index.php?rest_route=\/wp\/v2\/types\/page"}],"author":[{"embeddable":true,"href":"https:\/\/aikikai-test.ch\/index.php?rest_route=\/wp\/v2\/users\/1"}],"replies":[{"embeddable":true,"href":"https:\/\/aikikai-test.ch\/index.php?rest_route=%2Fwp%2Fv2%2Fcomments&post=9"}],"version-history":[{"count":12,"href":"https:\/\/aikikai-test.ch\/index.php?rest_route=\/wp\/v2\/pages\/9\/revisions"}],"predecessor-version":[{"id":5979,"href":"https:\/\/aikikai-test.ch\/index.php?rest_route=\/wp\/v2\/pages\/9\/revisions\/5979"}],"wp:featuredmedia":[{"embeddable":true,"href":"https:\/\/aikikai-test.ch\/index.php?rest_route=\/"}],"wp:attachment":[{"href":"https:\/\/aikikai-test.ch\/index.php?rest_route=%2Fwp%2Fv2%2Fmedia&parent=9"}],"curies":[{"name":"wp","href":"https:\/\/api.w.org\/{rel}","templated":true}]}}