{"id":99,"date":"2017-03-03T17:05:08","date_gmt":"2017-03-03T16:05:08","guid":{"rendered":"https:\/\/aikiweb.micnet.ch\/?page_id=99"},"modified":"2022-01-09T13:15:22","modified_gmt":"2022-01-09T12:15:22","slug":"barbla-frueh","status":"publish","type":"page","link":"https:\/\/aikikai-test.ch\/?page_id=99","title":{"rendered":"Barbla Fr\u00fch"},"content":{"rendered":"<div class=\"WordSection1\">\n<table class=\"MsoTableGrid\" style=\"border-collapse: collapse; border: none; mso-yfti-tbllook: 1184; mso-padding-alt: 0cm 5.4pt 0cm 5.4pt; mso-border-insideh: none; mso-border-insidev: none;\" border=\"0\" cellspacing=\"0\" cellpadding=\"0\">\n<tbody>\n<tr style=\"mso-yfti-irow: 0; mso-yfti-firstrow: yes;\">\n<td style=\"width: 150.9pt; padding: 0cm 5.4pt 0cm 5.4pt;\" rowspan=\"4\" width=\"151\">\n<p class=\"MsoNormal\"><span lang=\"EN-US\">\u00a0<img decoding=\"async\" class=\"alignnone size-full wp-image-3655\" src=\"\/wp-content\/uploads\/2017\/07\/Barbla.jpg\" alt=\"\" width=\"140\" height=\"183\" \/><\/span><\/p>\n<\/td>\n<td style=\"width: 150.95pt; padding: 0cm 5.4pt 0cm 5.4pt;\" width=\"151\">\n<p class=\"MsoNormal\"><span class=\"SpellE\"><span lang=\"EN-US\">Vorname<\/span><\/span><span lang=\"EN-US\">:<\/span><\/p>\n<\/td>\n<td style=\"width: 150.95pt; padding: 0cm 5.4pt 0cm 5.4pt;\" width=\"151\">\n<p class=\"MsoNormal\">Barbla<\/p>\n<\/td>\n<\/tr>\n<tr style=\"mso-yfti-irow: 1; height: 15.85pt;\">\n<td style=\"width: 150.95pt; padding: 0cm 5.4pt 0cm 5.4pt; height: 15.85pt;\" width=\"151\">\n<p class=\"MsoNormal\"><span class=\"SpellE\"><span lang=\"EN-US\">Nachname<\/span><\/span><\/p>\n<\/td>\n<td style=\"width: 150.95pt; padding: 0cm 5.4pt 0cm 5.4pt; height: 15.85pt;\" width=\"151\">\n<p class=\"MsoNormal\"><span class=\"SpellE\"><span lang=\"EN-US\">Fr\u00fch<\/span><\/span><\/p>\n<\/td>\n<\/tr>\n<tr style=\"mso-yfti-irow: 2; height: 16.05pt;\">\n<td style=\"width: 150.95pt; padding: 0cm 5.4pt 0cm 5.4pt; height: 16.05pt;\" width=\"151\">\n<p class=\"MsoNormal\"><span class=\"SpellE\"><span lang=\"EN-US\">Praktiziert<\/span><\/span><span lang=\"EN-US\"> <span class=\"SpellE\">seit<\/span>:<\/span><\/p>\n<\/td>\n<td style=\"width: 150.95pt; padding: 0cm 5.4pt 0cm 5.4pt; height: 16.05pt;\" width=\"151\">\n<p class=\"MsoNormal\"><span lang=\"EN-US\">1981<\/span><\/p>\n<\/td>\n<\/tr>\n<tr style=\"mso-yfti-irow: 3; mso-yfti-lastrow: yes; height: 13.25pt;\">\n<td style=\"width: 150.95pt; padding: 0cm 5.4pt 0cm 5.4pt; height: 13.25pt;\" width=\"151\">\n<p class=\"MsoNormal\"><span class=\"SpellE\"><span lang=\"EN-US\">Gradierung<\/span><\/span><span lang=\"EN-US\">:<\/span><\/p>\n<\/td>\n<td style=\"width: 150.95pt; padding: 0cm 5.4pt 0cm 5.4pt; height: 13.25pt;\" width=\"151\">\n<p class=\"MsoNormal\"><span lang=\"EN-US\">1.Dan<\/span><\/p>\n<\/td>\n<\/tr>\n<\/tbody>\n<\/table>\n<div id=\"c63\" class=\"csc-default\">\n<div class=\"csc-textpic csc-textpic-intext-left-nowrap\">\n<div class=\"csc-textpic-text\">\n<p class=\"bodytext\">Mitglied der technischen Kommission des AIKI-KAI Z\u00dcRICH<\/p>\n<\/div>\n<\/div>\n<\/div>\n<div id=\"c152\" class=\"csc-default\">\n<p class=\"bodytext\">Ich, Barbla Fr\u00fch (1962) arbeite in meinem t\u00e4glichen Leben als Primarlehrerin und leite seit 1991 das Kindertraining. Mit Kindern am Aikido zu schaffen, sie f\u00fcrs Aikido zu begeistern, ist f\u00fcr mich eine grosse Freude. Ich bin \u00fcberzeugt, dass Aikido ein guter Wegbegleiter f\u00fcr ein Kind ist &#8211; kann doch jedes Kind nicht genug AI (Harmonie), KI (Lebenskraft) und DO (einen geraden Weg vor sich) haben. Ich habe die Erfahrung gemacht, dass Kinder, die Aikido praktizieren, sehr an Standfestigkeit, Autonomie, Ich-Kraft und an Beweglichkeit gewinnen. Ich selber trainiere Aikido seit 1981 und habe f\u00fcr mein ganzes Leben sehr viel davon profitiert. Ich geniesse die Bewegung, das Ki und versuche die ganze Philosophie des Aikido auch in meinem Alltag anzuwenden. Abgesehen davon habe ich an tollen Stages im In- und Ausland sch\u00f6ne Kontakte mit anderen Aikidokas kn\u00fcpfen k\u00f6nnen.<\/p>\n<\/div>\n<\/div>\n","protected":false},"excerpt":{"rendered":"<p>\u00a0 Vorname: Barbla Nachname Fr\u00fch Praktiziert seit: 1981 Gradierung: 1.Dan Mitglied der technischen Kommission des AIKI-KAI Z\u00dcRICH Ich, Barbla Fr\u00fch (1962) arbeite in meinem t\u00e4glichen Leben als Primarlehrerin und leite seit 1991 das Kindertraining. Mit Kindern am Aikido zu schaffen, sie f\u00fcrs Aikido zu begeistern, ist f\u00fcr mich eine grosse Freude. Ich bin \u00fcberzeugt, dass &hellip; <\/p>\n<p class=\"link-more\"><a href=\"https:\/\/aikikai-test.ch\/?page_id=99\" class=\"more-link\"><span class=\"screen-reader-text\">\u201eBarbla Fr\u00fch\u201c <\/span>weiterlesen<\/a><\/p>\n","protected":false},"author":1,"featured_media":0,"parent":0,"menu_order":0,"comment_status":"closed","ping_status":"closed","template":"","meta":{"footnotes":""},"class_list":["post-99","page","type-page","status-publish","hentry"],"_links":{"self":[{"href":"https:\/\/aikikai-test.ch\/index.php?rest_route=\/wp\/v2\/pages\/99","targetHints":{"allow":["GET"]}}],"collection":[{"href":"https:\/\/aikikai-test.ch\/index.php?rest_route=\/wp\/v2\/pages"}],"about":[{"href":"https:\/\/aikikai-test.ch\/index.php?rest_route=\/wp\/v2\/types\/page"}],"author":[{"embeddable":true,"href":"https:\/\/aikikai-test.ch\/index.php?rest_route=\/wp\/v2\/users\/1"}],"replies":[{"embeddable":true,"href":"https:\/\/aikikai-test.ch\/index.php?rest_route=%2Fwp%2Fv2%2Fcomments&post=99"}],"version-history":[{"count":8,"href":"https:\/\/aikikai-test.ch\/index.php?rest_route=\/wp\/v2\/pages\/99\/revisions"}],"predecessor-version":[{"id":5383,"href":"https:\/\/aikikai-test.ch\/index.php?rest_route=\/wp\/v2\/pages\/99\/revisions\/5383"}],"wp:attachment":[{"href":"https:\/\/aikikai-test.ch\/index.php?rest_route=%2Fwp%2Fv2%2Fmedia&parent=99"}],"curies":[{"name":"wp","href":"https:\/\/api.w.org\/{rel}","templated":true}]}}